{"id":872,"date":"2025-09-15T01:55:05","date_gmt":"2025-09-15T01:55:05","guid":{"rendered":"https:\/\/hwhorizon.com\/?post_type=product&#038;p=872"},"modified":"2025-09-15T01:56:36","modified_gmt":"2025-09-15T01:56:36","slug":"pantalones-cortos-de-playa-dk2-copy","status":"publish","type":"product","link":"https:\/\/hwhorizon.com\/es\/shop\/pantalones-cortos-de-surf\/pantalones-cortos-de-playa-dk2-copy\/","title":{"rendered":"Ba\u00f1adores DK3"},"content":{"rendered":"","protected":false},"excerpt":{"rendered":"<p class=\"p1\">Nuestros pantalones cortos de surf color caqui est\u00e1n dise\u00f1ados para ropa de playa, moda urbana informal y actividades de verano al aire libre. Confeccionados con tejido de secado r\u00e1pido, proporcionan la m\u00e1xima comodidad y estilo en condiciones de clima c\u00e1lido. <\/p>\n<p class=\"p1\">La personalizaci\u00f3n OEM y ODM permite una flexibilidad total en la elecci\u00f3n del tejido, la longitud, la colocaci\u00f3n del logotipo, los estampados, el etiquetado privado y el embalaje ecol\u00f3gico.<\/p>\n<p class=\"p3\"><b>Caracter\u00edsticas principales:<\/b><b><\/b><\/p>\n<ul>\n<li>\n<p class=\"p1\"><span class=\"s1\"><b>Tejido:<\/b><\/span> poli\u00e9ster de secado r\u00e1pido (personalizable)<\/p>\n<\/li>\n<li>\n<p class=\"p1\"><span class=\"s1\"><b>Tallas:<\/b><\/span> XS \u2013 XXL (tallas personalizadas disponibles)<\/p>\n<\/li>\n<li>\n<p class=\"p1\"><span class=\"s1\"><b>Color:<\/b><\/span> Caqui (colores y estampados personalizados disponibles)<\/p>\n<\/li>\n<li>\n<p class=\"p1\"><span class=\"s1\"><b>MOQ:<\/b><\/span> 200 unidades por dise\u00f1o (negociable)<\/p>\n<\/li>\n<li>\n<p class=\"p1\"><span class=\"s1\"><b>Plazo de entrega:<\/b><\/span> 7\u201310 d\u00edas para muestras, 25\u201330 d\u00edas para pedidos al por mayor<\/p>\n<\/li>\n<li>\n<p class=\"p1\"><span class=\"s1\"><b>Servicio:<\/b><\/span> OEM\/ODM con opciones de etiquetado y embalaje privados<\/p>\n<\/li>\n<\/ul>\n<p class=\"p1\">Con nuestras instalaciones certificadas, ofrecemos pantalones cortos de surf elegantes y duraderos que cumplen con los est\u00e1ndares internacionales de ropa de playa.<\/p>\n","protected":false},"featured_media":876,"template":"","meta":[],"product_brand":[],"product_cat":[84],"product_tag":[],"class_list":{"0":"post-872","1":"product","2":"type-product","3":"status-publish","4":"has-post-thumbnail","6":"product_cat-pantalones-cortos-de-surf","8":"first","9":"instock","10":"shipping-taxable","11":"product-type-simple"},"_links":{"self":[{"href":"https:\/\/hwhorizon.com\/es\/wp-json\/wp\/v2\/product\/872","targetHints":{"allow":["GET"]}}],"collection":[{"href":"https:\/\/hwhorizon.com\/es\/wp-json\/wp\/v2\/product"}],"about":[{"href":"https:\/\/hwhorizon.com\/es\/wp-json\/wp\/v2\/types\/product"}],"wp:featuredmedia":[{"embeddable":true,"href":"https:\/\/hwhorizon.com\/es\/wp-json\/wp\/v2\/media\/876"}],"wp:attachment":[{"href":"https:\/\/hwhorizon.com\/es\/wp-json\/wp\/v2\/media?parent=872"}],"wp:term":[{"taxonomy":"product_brand","embeddable":true,"href":"https:\/\/hwhorizon.com\/es\/wp-json\/wp\/v2\/product_brand?post=872"},{"taxonomy":"product_cat","embeddable":true,"href":"https:\/\/hwhorizon.com\/es\/wp-json\/wp\/v2\/product_cat?post=872"},{"taxonomy":"product_tag","embeddable":true,"href":"https:\/\/hwhorizon.com\/es\/wp-json\/wp\/v2\/product_tag?post=872"}],"curies":[{"name":"wp","href":"https:\/\/api.w.org\/{rel}","templated":true}]}}