{"id":687,"date":"2025-08-16T07:30:53","date_gmt":"2025-08-16T07:30:53","guid":{"rendered":"https:\/\/hwhorizon.com\/product\/camo-c7\/"},"modified":"2025-09-13T09:22:53","modified_gmt":"2025-09-13T09:22:53","slug":"camo-c7","status":"publish","type":"product","link":"https:\/\/hwhorizon.com\/es\/shop\/sin-categoria\/camo-c7\/","title":{"rendered":"Camo C7"},"content":{"rendered":"","protected":false},"excerpt":{"rendered":"<p class=\"p1\">Nuestra camisa Camo en gris est\u00e1 dise\u00f1ada para ofrecer comodidad y versatilidad, ideal para aventuras al aire libre, uso t\u00e1ctico o moda informal de inspiraci\u00f3n militar. Fabricada con mezclas duraderas de poli\u00e9ster y algod\u00f3n, proporciona transpirabilidad, suavidad y un uso duradero. <\/p>\n<p class=\"p1\">Como fabricante profesional de prendas de vestir OEM y ODM, ofrecemos una personalizaci\u00f3n completa, que incluye la selecci\u00f3n de tejidos, variaciones de color, patrones de camuflaje, bordado\/impresi\u00f3n de logotipos, etiquetado privado y embalaje. Un MOQ flexible y un servicio de muestras r\u00e1pido garantizan que su proyecto se desarrolle sin problemas. <\/p>\n<p class=\"p3\"><b>Caracter\u00edsticas principales:<\/b><b><\/b><\/p>\n<ul>\n<li>\n<p class=\"p1\">Tejido: Mezcla de poli\u00e9ster\/algod\u00f3n (personalizable)<\/p>\n<\/li>\n<li>\n<p class=\"p1\">Tallas: XS \u2013 3XL (tallas personalizadas disponibles)<\/p>\n<\/li>\n<li>\n<p class=\"p1\">Patr\u00f3n de camuflaje: Bosque \/ desierto \/ digital \/ personalizado<\/p>\n<\/li>\n<li>\n<p class=\"p1\">Cuello: Cuello de camisa est\u00e1ndar<\/p>\n<\/li>\n<li>\n<p class=\"p1\">MOQ: 100 unidades por dise\u00f1o (negociable)<\/p>\n<\/li>\n<li>\n<p class=\"p1\">Plazo de entrega: 7\u201310 d\u00edas para muestras, 25\u201335 d\u00edas para pedidos al por mayor<\/p>\n<\/li>\n<li>\n<p class=\"p1\">Servicio: OEM\/ODM disponible, opciones de marca privada y embalaje<\/p>\n<\/li>\n<\/ul>\n","protected":false},"featured_media":688,"template":"","meta":[],"product_brand":[],"product_cat":[56],"product_tag":[],"class_list":{"0":"post-687","1":"product","2":"type-product","3":"status-publish","4":"has-post-thumbnail","6":"product_cat-sin-categoria","8":"first","9":"instock","10":"shipping-taxable","11":"product-type-simple"},"_links":{"self":[{"href":"https:\/\/hwhorizon.com\/es\/wp-json\/wp\/v2\/product\/687","targetHints":{"allow":["GET"]}}],"collection":[{"href":"https:\/\/hwhorizon.com\/es\/wp-json\/wp\/v2\/product"}],"about":[{"href":"https:\/\/hwhorizon.com\/es\/wp-json\/wp\/v2\/types\/product"}],"wp:featuredmedia":[{"embeddable":true,"href":"https:\/\/hwhorizon.com\/es\/wp-json\/wp\/v2\/media\/688"}],"wp:attachment":[{"href":"https:\/\/hwhorizon.com\/es\/wp-json\/wp\/v2\/media?parent=687"}],"wp:term":[{"taxonomy":"product_brand","embeddable":true,"href":"https:\/\/hwhorizon.com\/es\/wp-json\/wp\/v2\/product_brand?post=687"},{"taxonomy":"product_cat","embeddable":true,"href":"https:\/\/hwhorizon.com\/es\/wp-json\/wp\/v2\/product_cat?post=687"},{"taxonomy":"product_tag","embeddable":true,"href":"https:\/\/hwhorizon.com\/es\/wp-json\/wp\/v2\/product_tag?post=687"}],"curies":[{"name":"wp","href":"https:\/\/api.w.org\/{rel}","templated":true}]}}