{"id":1131,"date":"2025-09-15T03:07:50","date_gmt":"2025-09-15T03:07:50","guid":{"rendered":"https:\/\/hwhorizon.com\/?post_type=product&#038;p=1131"},"modified":"2025-09-15T03:08:59","modified_gmt":"2025-09-15T03:08:59","slug":"pantalones-tecnicos-k8-copy-2","status":"publish","type":"product","link":"https:\/\/hwhorizon.com\/es\/shop\/pantalones-tecnicos\/pantalones-tecnicos-k8-copy-2\/","title":{"rendered":"Pantalones t\u00e9cnicos K9"},"content":{"rendered":"","protected":false},"excerpt":{"rendered":"<p>Nuestros pantalones t\u00e9cnicos est\u00e1n dise\u00f1ados para un rendimiento moderno, combinando tejidos ligeros con funcionalidad el\u00e1stica. Perfectos para la exploraci\u00f3n al aire libre, la moda urbana y el uso t\u00e1ctico, estos pantalones ofrecen estilo sin comprometer la durabilidad. <\/p>\n<p class=\"p1\">Los servicios de OEM y ODM incluyen mejoras de materiales, acabados repelentes al agua, bolsillos personalizados, camuflaje o colores s\u00f3lidos, impresi\u00f3n\/bordado de logotipos y embalaje de marca.<\/p>\n<p class=\"p3\"><b>Caracter\u00edsticas principales:<\/b><b><\/b><\/p>\n<ul>\n<li>\n<p class=\"p1\"><span class=\"s1\"><b>Tejido:<\/b><\/span> Poli\u00e9ster\/nailon el\u00e1stico (personalizable)<\/p>\n<\/li>\n<li>\n<p class=\"p1\"><span class=\"s1\"><b>Tallas:<\/b><\/span> XS \u2013 3XL (tallas personalizadas disponibles)<\/p>\n<\/li>\n<li>\n<p class=\"p1\"><span class=\"s1\"><b>Color:<\/b><\/span> Azul (colores personalizados disponibles)<\/p>\n<\/li>\n<li>\n<p class=\"p1\"><span class=\"s1\"><b>MOQ:<\/b><\/span> 100 unidades por dise\u00f1o (negociable)<\/p>\n<\/li>\n<li>\n<p class=\"p1\"><span class=\"s1\"><b>Plazo de entrega:<\/b><\/span> 7\u201310 d\u00edas para muestras, 25\u201330 d\u00edas para pedidos al por mayor<\/p>\n<\/li>\n<li>\n<p class=\"p1\"><span class=\"s1\"><b>Servicio:<\/b><\/span> OEM\/ODM disponible con soporte de marca completo<\/p>\n<\/li>\n<\/ul>\n<p class=\"p1\">Certificada bajo ISO y OEKO-TEX, nuestra producci\u00f3n garantiza comodidad, funci\u00f3n y calidad internacional.<\/p>\n","protected":false},"featured_media":1135,"template":"","meta":[],"product_brand":[],"product_cat":[81],"product_tag":[],"class_list":{"0":"post-1131","1":"product","2":"type-product","3":"status-publish","4":"has-post-thumbnail","6":"product_cat-pantalones-tecnicos","8":"first","9":"instock","10":"shipping-taxable","11":"product-type-simple"},"_links":{"self":[{"href":"https:\/\/hwhorizon.com\/es\/wp-json\/wp\/v2\/product\/1131","targetHints":{"allow":["GET"]}}],"collection":[{"href":"https:\/\/hwhorizon.com\/es\/wp-json\/wp\/v2\/product"}],"about":[{"href":"https:\/\/hwhorizon.com\/es\/wp-json\/wp\/v2\/types\/product"}],"wp:featuredmedia":[{"embeddable":true,"href":"https:\/\/hwhorizon.com\/es\/wp-json\/wp\/v2\/media\/1135"}],"wp:attachment":[{"href":"https:\/\/hwhorizon.com\/es\/wp-json\/wp\/v2\/media?parent=1131"}],"wp:term":[{"taxonomy":"product_brand","embeddable":true,"href":"https:\/\/hwhorizon.com\/es\/wp-json\/wp\/v2\/product_brand?post=1131"},{"taxonomy":"product_cat","embeddable":true,"href":"https:\/\/hwhorizon.com\/es\/wp-json\/wp\/v2\/product_cat?post=1131"},{"taxonomy":"product_tag","embeddable":true,"href":"https:\/\/hwhorizon.com\/es\/wp-json\/wp\/v2\/product_tag?post=1131"}],"curies":[{"name":"wp","href":"https:\/\/api.w.org\/{rel}","templated":true}]}}