{"id":1014,"date":"2025-09-15T02:27:43","date_gmt":"2025-09-15T02:27:43","guid":{"rendered":"https:\/\/hwhorizon.com\/?post_type=product&#038;p=1014"},"modified":"2025-09-15T02:30:08","modified_gmt":"2025-09-15T02:30:08","slug":"ropa-infantil-k3-1-copy","status":"publish","type":"product","link":"https:\/\/hwhorizon.com\/es\/shop\/ropa-para-ninos\/ropa-infantil-k3-1-copy\/","title":{"rendered":"Ropa infantil K1"},"content":{"rendered":"","protected":false},"excerpt":{"rendered":"<p class=\"p1\">Nuestra l\u00ednea de ropa infantil blanca y rosa est\u00e1 dise\u00f1ada pensando en la suavidad, la seguridad y la comodidad. Adecuadas para el uso diario, uniformes escolares y colecciones de moda, estas prendas est\u00e1n confeccionadas con tejidos agradables para la piel que garantizan la transpirabilidad y la durabilidad. <\/p>\n<p class=\"p1\">La personalizaci\u00f3n OEM y ODM incluye tejidos seguros para ni\u00f1os, estampados, bordados, ajustes de tama\u00f1o, tintes ecol\u00f3gicos, etiquetado y embalaje.<\/p>\n<p class=\"p3\"><b>Caracter\u00edsticas principales:<\/b><b><\/b><\/p>\n<ul>\n<li>\n<p class=\"p1\"><span class=\"s1\"><b>Tejido:<\/b><\/span> 100% algod\u00f3n \/ mezcla de algod\u00f3n (personalizable)<\/p>\n<\/li>\n<li>\n<p class=\"p1\"><span class=\"s1\"><b>Tallas:<\/b><\/span> 2\u201314 a\u00f1os (tallas personalizadas disponibles)<\/p>\n<\/li>\n<li>\n<p class=\"p1\"><span class=\"s1\"><b>Color:<\/b><\/span> Blanco y rosa (colores personalizados disponibles)<\/p>\n<\/li>\n<li>\n<p class=\"p1\"><span class=\"s1\"><b>MOQ:<\/b><\/span> 200 unidades por dise\u00f1o (negociable)<\/p>\n<\/li>\n<li>\n<p class=\"p1\"><span class=\"s1\"><b>Plazo de entrega:<\/b><\/span> 7\u201310 d\u00edas para muestras, 25\u201330 d\u00edas para pedidos al por mayor<\/p>\n<\/li>\n<li>\n<p class=\"p1\"><span class=\"s1\"><b>Servicio:<\/b><\/span> OEM\/ODM con opciones de etiquetado y embalaje privados<\/p>\n<\/li>\n<\/ul>\n<p class=\"p1\">Toda la producci\u00f3n de ropa infantil sigue estrictas normas de seguridad y certificaciones internacionales, lo que garantiza la comodidad y la tranquilidad.<\/p>\n","protected":false},"featured_media":1018,"template":"","meta":[],"product_brand":[],"product_cat":[85],"product_tag":[],"class_list":{"0":"post-1014","1":"product","2":"type-product","3":"status-publish","4":"has-post-thumbnail","6":"product_cat-ropa-para-ninos","8":"first","9":"instock","10":"shipping-taxable","11":"product-type-simple"},"_links":{"self":[{"href":"https:\/\/hwhorizon.com\/es\/wp-json\/wp\/v2\/product\/1014","targetHints":{"allow":["GET"]}}],"collection":[{"href":"https:\/\/hwhorizon.com\/es\/wp-json\/wp\/v2\/product"}],"about":[{"href":"https:\/\/hwhorizon.com\/es\/wp-json\/wp\/v2\/types\/product"}],"wp:featuredmedia":[{"embeddable":true,"href":"https:\/\/hwhorizon.com\/es\/wp-json\/wp\/v2\/media\/1018"}],"wp:attachment":[{"href":"https:\/\/hwhorizon.com\/es\/wp-json\/wp\/v2\/media?parent=1014"}],"wp:term":[{"taxonomy":"product_brand","embeddable":true,"href":"https:\/\/hwhorizon.com\/es\/wp-json\/wp\/v2\/product_brand?post=1014"},{"taxonomy":"product_cat","embeddable":true,"href":"https:\/\/hwhorizon.com\/es\/wp-json\/wp\/v2\/product_cat?post=1014"},{"taxonomy":"product_tag","embeddable":true,"href":"https:\/\/hwhorizon.com\/es\/wp-json\/wp\/v2\/product_tag?post=1014"}],"curies":[{"name":"wp","href":"https:\/\/api.w.org\/{rel}","templated":true}]}}