{"id":1755,"date":"2025-09-16T01:22:12","date_gmt":"2025-09-16T01:22:12","guid":{"rendered":"https:\/\/hwhorizon.com\/preguntas-frecuentes\/"},"modified":"2025-10-14T08:23:25","modified_gmt":"2025-10-14T08:23:25","slug":"preguntas-frecuentes","status":"publish","type":"page","link":"https:\/\/hwhorizon.com\/es\/preguntas-frecuentes\/","title":{"rendered":"Preguntas frecuentes"},"content":{"rendered":"\t\t<div data-elementor-type=\"wp-page\" data-elementor-id=\"1755\" class=\"elementor elementor-1755 elementor-1753\" data-elementor-post-type=\"page\">\n\t\t\t\t<div class=\"elementor-element elementor-element-563621f e-flex e-con-boxed e-con e-parent\" data-id=\"563621f\" data-element_type=\"container\" data-e-type=\"container\">\n\t\t\t\t\t<div class=\"e-con-inner\">\n\t\t\t\t<div class=\"elementor-element elementor-element-bd4c87f elementor-widget elementor-widget-heading\" data-id=\"bd4c87f\" data-element_type=\"widget\" data-e-type=\"widget\" data-widget_type=\"heading.default\">\n\t\t\t\t\t<h1 class=\"elementor-heading-title elementor-size-default\">Su socio de confianza en ropa de camuflaje\n<\/h1>\t\t\t\t<\/div>\n\t\t\t\t<div class=\"elementor-element elementor-element-e334841 elementor-widget elementor-widget-text-editor\" data-id=\"e334841\" data-element_type=\"widget\" data-e-type=\"widget\" data-widget_type=\"text-editor.default\">\n\t\t\t\t\t\t\t\t\t<p class=\"p1\">Proporcionamos ropa de camuflaje OEM y ODM con soluciones integrales. Contamos con la confianza mundial por nuestros productos duraderos, funcionales y elegantes. <\/p>\t\t\t\t\t\t\t\t<\/div>\n\t\t\t\t<div class=\"elementor-element elementor-element-f207955 elementor-widget elementor-widget-text-editor\" data-id=\"f207955\" data-element_type=\"widget\" data-e-type=\"widget\" data-widget_type=\"text-editor.default\">\n\t\t\t\t\t\t\t\t\t<p class=\"p1\"><b>P: \u00bfQu\u00e9 tipos de ropa de camuflaje fabrican?<\/b><b><\/b><\/p><p class=\"p1\">R: Producimos una amplia gama de productos, que incluyen uniformes de estilo militar, ropa de calle de camuflaje de moda y equipo t\u00e1ctico para exteriores.<b><\/b><\/p><p> <\/p><p class=\"p1\"><b>P: \u00bfOfrecen servicios OEM y ODM?<\/b><b><\/b><\/p><p class=\"p1\">R: S\u00ed, nos especializamos tanto en OEM como en ODM, proporcionando soluciones integrales desde el dise\u00f1o del producto hasta la producci\u00f3n en masa.<b><\/b><\/p><p> <\/p><p class=\"p1\"><b>P: \u00bfPueden personalizar tejidos y patrones seg\u00fan los requisitos del cliente?<\/b><b><\/b><\/p><p class=\"p1\">R: Absolutamente. Ofrecemos el abastecimiento de tejidos y el desarrollo de patrones para satisfacer las necesidades espec\u00edficas de los clientes. <b><\/b><\/p><p class=\"p1\"> <\/p><p class=\"p1\"><b>P: \u00bfC\u00f3mo garantizan la calidad del producto?<\/b><b><\/b><\/p><p class=\"p1\">R: Implementamos un estricto control de calidad a lo largo de todo el proceso de producci\u00f3n, asegurando que nuestra ropa cumpla con los est\u00e1ndares internacionales.<\/p><p> <\/p><p class=\"p1\"><b>P: \u00bfA qu\u00e9 mercados sirven principalmente?<\/b><b><\/b><\/p><p class=\"p1\">R: Suministramos a marcas globales, minoristas y mayoristas de todo el mundo que valoran la ropa de camuflaje duradera, funcional y elegante.<\/p>\t\t\t\t\t\t\t\t<\/div>\n\t\t\t\t\t<\/div>\n\t\t\t\t<\/div>\n\t\t\t\t<\/div>\n\t\t","protected":false},"excerpt":{"rendered":"<p>Su socio de confianza en ropa de camuflaje Proporcionamos ropa de camuflaje OEM y ODM con soluciones integrales. Contamos con la confianza mundial por nuestros productos duraderos, funcionales y elegantes. P: \u00bfQu\u00e9 tipos de ropa de camuflaje fabrican? R: Producimos una amplia gama de productos, que incluyen uniformes de estilo militar, ropa de calle de [&hellip;]<\/p>\n","protected":false},"author":1,"featured_media":0,"parent":0,"menu_order":0,"comment_status":"closed","ping_status":"closed","template":"","meta":{"footnotes":""},"class_list":["post-1755","page","type-page","status-publish","hentry"],"_links":{"self":[{"href":"https:\/\/hwhorizon.com\/es\/wp-json\/wp\/v2\/pages\/1755","targetHints":{"allow":["GET"]}}],"collection":[{"href":"https:\/\/hwhorizon.com\/es\/wp-json\/wp\/v2\/pages"}],"about":[{"href":"https:\/\/hwhorizon.com\/es\/wp-json\/wp\/v2\/types\/page"}],"author":[{"embeddable":true,"href":"https:\/\/hwhorizon.com\/es\/wp-json\/wp\/v2\/users\/1"}],"replies":[{"embeddable":true,"href":"https:\/\/hwhorizon.com\/es\/wp-json\/wp\/v2\/comments?post=1755"}],"version-history":[{"count":3,"href":"https:\/\/hwhorizon.com\/es\/wp-json\/wp\/v2\/pages\/1755\/revisions"}],"predecessor-version":[{"id":1933,"href":"https:\/\/hwhorizon.com\/es\/wp-json\/wp\/v2\/pages\/1755\/revisions\/1933"}],"wp:attachment":[{"href":"https:\/\/hwhorizon.com\/es\/wp-json\/wp\/v2\/media?parent=1755"}],"curies":[{"name":"wp","href":"https:\/\/api.w.org\/{rel}","templated":true}]}}