{"id":961,"date":"2025-09-15T02:14:51","date_gmt":"2025-09-15T02:14:51","guid":{"rendered":"https:\/\/hwhorizon.com\/?post_type=product&#038;p=961"},"modified":"2025-09-15T02:17:12","modified_gmt":"2025-09-15T02:17:12","slug":"arbeitskleidung-k1-copy-copy-copy","status":"publish","type":"product","link":"https:\/\/hwhorizon.com\/de\/shop\/arbeitskleidung\/arbeitskleidung-k1-copy-copy-copy\/","title":{"rendered":"Arbeitskleidung K4"},"content":{"rendered":"","protected":false},"excerpt":{"rendered":"<p class=\"p1\">Unsere Arbeitshosen vereinen Sicherheit, Strapazierf\u00e4higkeit und Komfort, was sie ideal f\u00fcr industrielle Arbeitskleidung, Bauarbeiten und Outdoor-Aufgaben macht. Entwickelt mit einem orange und schwarz durchwebten Stoff, bieten diese Hosen sowohl Sichtbarkeit als auch St\u00e4rke f\u00fcr anspruchsvolle Umgebungen. <\/p>\n<p class=\"p1\">Als professioneller OEM- und ODM-Hersteller bieten wir umfassende Anpassungsdienstleistungen an, einschlie\u00dflich Stoffoptionen, Farbvarianten, verst\u00e4rkter N\u00e4hte, Logo-Stickerei\/-Druck, Private Labeling und Verpackung.<\/p>\n<p class=\"p3\"><b>Hauptmerkmale:<\/b><b><\/b><\/p>\n<ul>\n<li>\n<p class=\"p1\"><span class=\"s1\"><b>Stoff:<\/b><\/span> Strapazierf\u00e4higes Baumwoll-\/Polyestergemisch (anpassbar)<\/p>\n<\/li>\n<li>\n<p class=\"p1\"><span class=\"s1\"><b>Gr\u00f6\u00dfen:<\/b><\/span> S \u2013 4XL (kundenspezifische Gr\u00f6\u00dfen verf\u00fcgbar)<\/p>\n<\/li>\n<li>\n<p class=\"p1\"><span class=\"s1\"><b>Farbe:<\/b><\/span> Orange und schwarz durchwebt (kundenspezifische Farben verf\u00fcgbar)<\/p>\n<\/li>\n<li>\n<p class=\"p1\"><span class=\"s1\"><b>MOQ:<\/b><\/span> 100 Stk. pro Design (verhandelbar)<\/p>\n<\/li>\n<li>\n<p class=\"p1\"><span class=\"s1\"><b>Lieferzeit:<\/b><\/span> 7\u201310 Tage f\u00fcr Muster, 25\u201335 Tage f\u00fcr Gro\u00dfbestellungen<\/p>\n<\/li>\n<li>\n<p class=\"p1\"><span class=\"s1\"><b>Service:<\/b><\/span> OEM\/ODM verf\u00fcgbar mit Private-Label- und Verpackungsoptionen<\/p>\n<\/li>\n<\/ul>\n<p class=\"p1\">Mit ISO- und OEKO-TEX-zertifizierter Produktion gew\u00e4hrleisten wir zuverl\u00e4ssige Leistung und Sicherheitsstandards f\u00fcr alle Arbeitsumgebungen.<\/p>\n","protected":false},"featured_media":965,"template":"","meta":[],"product_brand":[],"product_cat":[79],"product_tag":[],"class_list":{"0":"post-961","1":"product","2":"type-product","3":"status-publish","4":"has-post-thumbnail","6":"product_cat-arbeitskleidung","8":"first","9":"instock","10":"shipping-taxable","11":"product-type-simple"},"_links":{"self":[{"href":"https:\/\/hwhorizon.com\/de\/wp-json\/wp\/v2\/product\/961","targetHints":{"allow":["GET"]}}],"collection":[{"href":"https:\/\/hwhorizon.com\/de\/wp-json\/wp\/v2\/product"}],"about":[{"href":"https:\/\/hwhorizon.com\/de\/wp-json\/wp\/v2\/types\/product"}],"wp:featuredmedia":[{"embeddable":true,"href":"https:\/\/hwhorizon.com\/de\/wp-json\/wp\/v2\/media\/965"}],"wp:attachment":[{"href":"https:\/\/hwhorizon.com\/de\/wp-json\/wp\/v2\/media?parent=961"}],"wp:term":[{"taxonomy":"product_brand","embeddable":true,"href":"https:\/\/hwhorizon.com\/de\/wp-json\/wp\/v2\/product_brand?post=961"},{"taxonomy":"product_cat","embeddable":true,"href":"https:\/\/hwhorizon.com\/de\/wp-json\/wp\/v2\/product_cat?post=961"},{"taxonomy":"product_tag","embeddable":true,"href":"https:\/\/hwhorizon.com\/de\/wp-json\/wp\/v2\/product_tag?post=961"}],"curies":[{"name":"wp","href":"https:\/\/api.w.org\/{rel}","templated":true}]}}