{"id":871,"date":"2025-09-15T01:55:05","date_gmt":"2025-09-15T01:55:05","guid":{"rendered":"https:\/\/hwhorizon.com\/?post_type=product&#038;p=871"},"modified":"2025-09-15T01:56:37","modified_gmt":"2025-09-15T01:56:37","slug":"boardshorts-dk2-copy","status":"publish","type":"product","link":"https:\/\/hwhorizon.com\/de\/shop\/boardshorts\/boardshorts-dk2-copy\/","title":{"rendered":"Boardshorts DK3"},"content":{"rendered":"","protected":false},"excerpt":{"rendered":"<p class=\"p1\">Unsere Khaki-Boardshorts sind konzipiert f\u00fcr Strandbekleidung, l\u00e4ssige Streetwear und sommerliche Outdoor-Aktivit\u00e4ten. Hergestellt aus schnelltrocknendem Stoff bieten sie maximalen Komfort und Stil bei warmem Wetter. <\/p>\n<p class=\"p1\">Die OEM- und ODM-Anpassung erm\u00f6glicht volle Flexibilit\u00e4t bei der Stoffauswahl, L\u00e4nge, Logoplatzierung, Drucken, Private Labeling und umweltfreundlichen Verpackungen.<\/p>\n<p class=\"p3\"><b>Hauptmerkmale:<\/b><b><\/b><\/p>\n<ul>\n<li>\n<p class=\"p1\"><span class=\"s1\"><b>Stoff:<\/b><\/span> Schnelltrocknendes Polyester (anpassbar)<\/p>\n<\/li>\n<li>\n<p class=\"p1\"><span class=\"s1\"><b>Gr\u00f6\u00dfen:<\/b><\/span> XS \u2013 XXL (kundenspezifische Gr\u00f6\u00dfen verf\u00fcgbar)<\/p>\n<\/li>\n<li>\n<p class=\"p1\"><span class=\"s1\"><b>Farbe:<\/b><\/span> Khaki (kundenspezifische Farben und Drucke verf\u00fcgbar)<\/p>\n<\/li>\n<li>\n<p class=\"p1\"><span class=\"s1\"><b>MOQ:<\/b><\/span> 200 St\u00fcck pro Design (verhandelbar)<\/p>\n<\/li>\n<li>\n<p class=\"p1\"><span class=\"s1\"><b>Lieferzeit:<\/b><\/span> 7\u201310 Tage f\u00fcr Muster, 25\u201330 Tage f\u00fcr Gro\u00dfbestellungen<\/p>\n<\/li>\n<li>\n<p class=\"p1\"><span class=\"s1\"><b>Service:<\/b><\/span> OEM\/ODM mit Private-Label- &amp; Verpackungsoptionen<\/p>\n<\/li>\n<\/ul>\n<p class=\"p1\">Mit unseren zertifizierten Einrichtungen liefern wir stilvolle, langlebige Boardshorts, die internationalen Strandbekleidungsstandards entsprechen.<\/p>\n","protected":false},"featured_media":875,"template":"","meta":[],"product_brand":[],"product_cat":[89],"product_tag":[],"class_list":{"0":"post-871","1":"product","2":"type-product","3":"status-publish","4":"has-post-thumbnail","6":"product_cat-boardshorts","8":"first","9":"instock","10":"shipping-taxable","11":"product-type-simple"},"_links":{"self":[{"href":"https:\/\/hwhorizon.com\/de\/wp-json\/wp\/v2\/product\/871","targetHints":{"allow":["GET"]}}],"collection":[{"href":"https:\/\/hwhorizon.com\/de\/wp-json\/wp\/v2\/product"}],"about":[{"href":"https:\/\/hwhorizon.com\/de\/wp-json\/wp\/v2\/types\/product"}],"wp:featuredmedia":[{"embeddable":true,"href":"https:\/\/hwhorizon.com\/de\/wp-json\/wp\/v2\/media\/875"}],"wp:attachment":[{"href":"https:\/\/hwhorizon.com\/de\/wp-json\/wp\/v2\/media?parent=871"}],"wp:term":[{"taxonomy":"product_brand","embeddable":true,"href":"https:\/\/hwhorizon.com\/de\/wp-json\/wp\/v2\/product_brand?post=871"},{"taxonomy":"product_cat","embeddable":true,"href":"https:\/\/hwhorizon.com\/de\/wp-json\/wp\/v2\/product_cat?post=871"},{"taxonomy":"product_tag","embeddable":true,"href":"https:\/\/hwhorizon.com\/de\/wp-json\/wp\/v2\/product_tag?post=871"}],"curies":[{"name":"wp","href":"https:\/\/api.w.org\/{rel}","templated":true}]}}