{"id":794,"date":"2025-08-16T07:28:18","date_gmt":"2025-08-16T07:28:18","guid":{"rendered":"https:\/\/hwhorizon.com\/product\/camo-c11\/"},"modified":"2025-09-13T09:27:12","modified_gmt":"2025-09-13T09:27:12","slug":"camo-c11","status":"publish","type":"product","link":"https:\/\/hwhorizon.com\/de\/shop\/nicht-kategorisiert\/camo-c11\/","title":{"rendered":"Camo C11"},"content":{"rendered":"","protected":false},"excerpt":{"rendered":"<p data-start=\"428\" data-end=\"713\">Unsere <strong data-start=\"432\" data-end=\"447\">Camo-Jacke<\/strong> ist sowohl f\u00fcr <strong data-start=\"469\" data-end=\"496\">Funktionalit\u00e4t als auch f\u00fcr Stil<\/strong> konzipiert und eignet sich ideal f\u00fcr Outdoor-Aktivit\u00e4ten, milit\u00e4risch inspirierte Mode und Arbeitskleidung. Hergestellt aus <strong data-start=\"597\" data-end=\"637\">hochwertigen Polyester-Baumwoll-Mischungen<\/strong>, bietet diese Jacke Strapazierf\u00e4higkeit, Komfort und Widerstandsf\u00e4higkeit gegen Verschlei\u00df. <\/p>\n<p data-start=\"715\" data-end=\"1092\">Als professioneller <strong data-start=\"733\" data-end=\"767\">OEM- und ODM-Bekleidungshersteller<\/strong> bieten wir <strong data-start=\"780\" data-end=\"810\">umfassende Anpassungsoptionen<\/strong>, einschlie\u00dflich Stoffauswahl, Farbvarianten, Tarnmustern, Logo-Stickerei\/-Druck, Private Labeling und Verpackung. Ob Sie eine Marke, ein Gro\u00dfh\u00e4ndler oder ein Einzelh\u00e4ndler sind, unsere <strong data-start=\"989\" data-end=\"1031\">flexible Mindestbestellmenge (MOQ) und unser schneller Musterservice<\/strong> gew\u00e4hrleisten einen reibungslosen Produktionsprozess, der auf Ihre Bed\u00fcrfnisse zugeschnitten ist. <\/p>\n<p data-start=\"1094\" data-end=\"1113\"><strong data-start=\"1094\" data-end=\"1111\">Hauptmerkmale:<\/strong><\/p>\n<ul data-start=\"1114\" data-end=\"1441\">\n<li data-start=\"1114\" data-end=\"1163\">\n<p data-start=\"1116\" data-end=\"1163\">Stoff: Polyester-Baumwoll-Mischung (anpassbar)<\/p>\n<\/li>\n<li data-start=\"1164\" data-end=\"1209\">\n<p data-start=\"1166\" data-end=\"1209\">Gr\u00f6\u00dfen: XS \u2013 3XL (kundenspezifische Gr\u00f6\u00dfen verf\u00fcgbar)<\/p>\n<\/li>\n<li data-start=\"1210\" data-end=\"1264\">\n<p data-start=\"1212\" data-end=\"1264\">Tarnmuster: Woodland \/ Desert \/ Digital \/ kundenspezifisch<\/p>\n<\/li>\n<li data-start=\"1265\" data-end=\"1305\">\n<p data-start=\"1267\" data-end=\"1305\">Mindestbestellmenge (MOQ): 100 St\u00fcck pro Design (verhandelbar)<\/p>\n<\/li>\n<li data-start=\"1306\" data-end=\"1370\">\n<p data-start=\"1308\" data-end=\"1370\">Lieferzeit: 7\u201310 Tage f\u00fcr Muster, 25\u201335 Tage f\u00fcr Gro\u00dfbestellungen<\/p>\n<\/li>\n<li data-start=\"1371\" data-end=\"1441\">\n<p data-start=\"1373\" data-end=\"1441\">Service: OEM\/ODM verf\u00fcgbar, mit Private-Label- &amp; Verpackungsoptionen<\/p>\n<\/li>\n<\/ul>\n<p data-start=\"1443\" data-end=\"1669\">Mit <strong data-start=\"1448\" data-end=\"1489\">ISO- und OEKO-TEX-zertifizierter Produktion<\/strong> garantieren wir eine gleichbleibende Qualit\u00e4t, die internationalen Standards entspricht. Arbeiten Sie mit uns zusammen, um Ihre <strong data-start=\"1590\" data-end=\"1613\">kundenspezifischen Camo-Jacken<\/strong> zu erstellen und Ihre Markenpr\u00e4senz auf globalen M\u00e4rkten zu st\u00e4rken. <\/p>\n","protected":false},"featured_media":795,"template":"","meta":[],"product_brand":[],"product_cat":[55],"product_tag":[],"class_list":{"0":"post-794","1":"product","2":"type-product","3":"status-publish","4":"has-post-thumbnail","6":"product_cat-nicht-kategorisiert","8":"first","9":"instock","10":"shipping-taxable","11":"product-type-simple"},"_links":{"self":[{"href":"https:\/\/hwhorizon.com\/de\/wp-json\/wp\/v2\/product\/794","targetHints":{"allow":["GET"]}}],"collection":[{"href":"https:\/\/hwhorizon.com\/de\/wp-json\/wp\/v2\/product"}],"about":[{"href":"https:\/\/hwhorizon.com\/de\/wp-json\/wp\/v2\/types\/product"}],"wp:featuredmedia":[{"embeddable":true,"href":"https:\/\/hwhorizon.com\/de\/wp-json\/wp\/v2\/media\/795"}],"wp:attachment":[{"href":"https:\/\/hwhorizon.com\/de\/wp-json\/wp\/v2\/media?parent=794"}],"wp:term":[{"taxonomy":"product_brand","embeddable":true,"href":"https:\/\/hwhorizon.com\/de\/wp-json\/wp\/v2\/product_brand?post=794"},{"taxonomy":"product_cat","embeddable":true,"href":"https:\/\/hwhorizon.com\/de\/wp-json\/wp\/v2\/product_cat?post=794"},{"taxonomy":"product_tag","embeddable":true,"href":"https:\/\/hwhorizon.com\/de\/wp-json\/wp\/v2\/product_tag?post=794"}],"curies":[{"name":"wp","href":"https:\/\/api.w.org\/{rel}","templated":true}]}}