{"id":760,"date":"2025-08-16T07:24:34","date_gmt":"2025-08-16T07:24:34","guid":{"rendered":"https:\/\/hwhorizon.com\/product\/strickware-t22\/"},"modified":"2025-09-13T09:30:02","modified_gmt":"2025-09-13T09:30:02","slug":"strickware-t22","status":"publish","type":"product","link":"https:\/\/hwhorizon.com\/de\/shop\/strickware\/strickware-t22\/","title":{"rendered":"Strickware T22"},"content":{"rendered":"","protected":false},"excerpt":{"rendered":"<p class=\"p1\">Unsere rote Strickware vereint W\u00e4rme, Weichheit und modernen Stil. Geeignet f\u00fcr Freizeitkleidung, Uniformanforderungen oder saisonale Kollektionen, wird diese Strickware sowohl f\u00fcr Komfort als auch f\u00fcr Langlebigkeit gefertigt. <\/p>\n<p class=\"p1\">Durch OEM- &amp; ODM-Dienstleistungen bieten wir ma\u00dfgeschneiderte Garnauswahl, Strickmuster, Logo-Stickereien, Farbvarianten und Verpackungsl\u00f6sungen an.<\/p>\n<p class=\"p3\"><b>Hauptmerkmale:<\/b><b><\/b><\/p>\n<ul>\n<li>\n<p class=\"p1\"><span class=\"s1\"><b>Material:<\/b><\/span> Woll-\/Acrylmischung (anpassbar)<\/p>\n<\/li>\n<li>\n<p class=\"p1\"><span class=\"s1\"><b>Gr\u00f6\u00dfen:<\/b><\/span> XS \u2013 3XL (kundenspezifische Gr\u00f6\u00dfen erh\u00e4ltlich)<\/p>\n<\/li>\n<li>\n<p class=\"p1\"><span class=\"s1\"><b>Farbe:<\/b><\/span> Rot (kundenspezifische Farben erh\u00e4ltlich)<\/p>\n<\/li>\n<li>\n<p class=\"p1\"><span class=\"s1\"><b>MOQ:<\/b><\/span> 100 Stk. pro Design (verhandelbar)<\/p>\n<\/li>\n<li>\n<p class=\"p1\"><span class=\"s1\"><b>Lieferzeit:<\/b><\/span> 10\u201312 Tage f\u00fcr Muster, 30\u201340 Tage f\u00fcr Gro\u00dfbestellungen<\/p>\n<\/li>\n<li>\n<p class=\"p1\"><span class=\"s1\"><b>Service:<\/b><\/span> OEM\/ODM verf\u00fcgbar, mit Private-Label-Optionen<\/p>\n<\/li>\n<\/ul>\n<p class=\"p1\">Zertifiziert nach ISO und OEKO-TEX, gew\u00e4hrleistet unsere Strickware gleichbleibende Qualit\u00e4t und Komfort.<\/p>\n","protected":false},"featured_media":517,"template":"","meta":[],"product_brand":[],"product_cat":[87],"product_tag":[],"class_list":{"0":"post-760","1":"product","2":"type-product","3":"status-publish","4":"has-post-thumbnail","6":"product_cat-strickware","8":"first","9":"instock","10":"shipping-taxable","11":"product-type-simple"},"_links":{"self":[{"href":"https:\/\/hwhorizon.com\/de\/wp-json\/wp\/v2\/product\/760","targetHints":{"allow":["GET"]}}],"collection":[{"href":"https:\/\/hwhorizon.com\/de\/wp-json\/wp\/v2\/product"}],"about":[{"href":"https:\/\/hwhorizon.com\/de\/wp-json\/wp\/v2\/types\/product"}],"wp:featuredmedia":[{"embeddable":true,"href":"https:\/\/hwhorizon.com\/de\/wp-json\/wp\/v2\/media\/517"}],"wp:attachment":[{"href":"https:\/\/hwhorizon.com\/de\/wp-json\/wp\/v2\/media?parent=760"}],"wp:term":[{"taxonomy":"product_brand","embeddable":true,"href":"https:\/\/hwhorizon.com\/de\/wp-json\/wp\/v2\/product_brand?post=760"},{"taxonomy":"product_cat","embeddable":true,"href":"https:\/\/hwhorizon.com\/de\/wp-json\/wp\/v2\/product_cat?post=760"},{"taxonomy":"product_tag","embeddable":true,"href":"https:\/\/hwhorizon.com\/de\/wp-json\/wp\/v2\/product_tag?post=760"}],"curies":[{"name":"wp","href":"https:\/\/api.w.org\/{rel}","templated":true}]}}