{"id":1171,"date":"2025-09-15T05:41:14","date_gmt":"2025-09-15T05:41:14","guid":{"rendered":"https:\/\/hwhorizon.com\/?post_type=product&#038;p=1171"},"modified":"2025-09-15T05:43:27","modified_gmt":"2025-09-15T05:43:27","slug":"tech-hose-k13-copy","status":"publish","type":"product","link":"https:\/\/hwhorizon.com\/de\/shop\/tech-hose\/tech-hose-k13-copy\/","title":{"rendered":"Tech-Hose K14"},"content":{"rendered":"","protected":false},"excerpt":{"rendered":"<p>Unsere Tech-Hosen sind f\u00fcr moderne Leistung konzipiert und kombinieren leichte Stoffe mit Stretch-Funktionalit\u00e4t. Perfekt f\u00fcr Outdoor-Erkundungen, urbanen Streetwear und taktische Eins\u00e4tze bieten diese Hosen Stil, ohne die Strapazierf\u00e4higkeit zu beeintr\u00e4chtigen. <\/p>\n<p class=\"p1\">Unsere OEM- &amp; ODM-Dienstleistungen umfassen Material-Upgrades, wasserabweisende Ausr\u00fcstungen, kundenspezifische Taschen, Tarn- oder Unifarben, Logodruck\/-stickerei und Markenverpackungen.<\/p>\n<p class=\"p3\"><b>Hauptmerkmale:<\/b><b><\/b><\/p>\n<ul>\n<li>\n<p class=\"p1\"><span class=\"s1\"><b>Material:<\/b><\/span> Stretch-Polyester\/Nylon (anpassbar)<\/p>\n<\/li>\n<li>\n<p class=\"p1\"><span class=\"s1\"><b>Gr\u00f6\u00dfen:<\/b><\/span> XS \u2013 3XL (kundenspezifische Gr\u00f6\u00dfen erh\u00e4ltlich)<\/p>\n<\/li>\n<li><span class=\"s1\"><b>MOQ:<\/b><\/span> 100 Stk. pro Design (verhandelbar)<\/li>\n<li>\n<p class=\"p1\"><span class=\"s1\"><b>Lieferzeit:<\/b><\/span> 7\u201310 Tage f\u00fcr Muster, 25\u201330 Tage f\u00fcr Gro\u00dfbestellungen<\/p>\n<\/li>\n<li>\n<p class=\"p1\"><span class=\"s1\"><b>Service:<\/b><\/span> OEM\/ODM verf\u00fcgbar mit umfassender Markenunterst\u00fctzung<\/p>\n<\/li>\n<\/ul>\n<p class=\"p1\">Zertifiziert nach ISO und OEKO-TEX garantiert unsere Produktion Komfort, Funktion und internationale Qualit\u00e4t.<\/p>\n","protected":false},"featured_media":1175,"template":"","meta":[],"product_brand":[],"product_cat":[82],"product_tag":[],"class_list":{"0":"post-1171","1":"product","2":"type-product","3":"status-publish","4":"has-post-thumbnail","6":"product_cat-tech-hose","8":"first","9":"instock","10":"shipping-taxable","11":"product-type-simple"},"_links":{"self":[{"href":"https:\/\/hwhorizon.com\/de\/wp-json\/wp\/v2\/product\/1171","targetHints":{"allow":["GET"]}}],"collection":[{"href":"https:\/\/hwhorizon.com\/de\/wp-json\/wp\/v2\/product"}],"about":[{"href":"https:\/\/hwhorizon.com\/de\/wp-json\/wp\/v2\/types\/product"}],"wp:featuredmedia":[{"embeddable":true,"href":"https:\/\/hwhorizon.com\/de\/wp-json\/wp\/v2\/media\/1175"}],"wp:attachment":[{"href":"https:\/\/hwhorizon.com\/de\/wp-json\/wp\/v2\/media?parent=1171"}],"wp:term":[{"taxonomy":"product_brand","embeddable":true,"href":"https:\/\/hwhorizon.com\/de\/wp-json\/wp\/v2\/product_brand?post=1171"},{"taxonomy":"product_cat","embeddable":true,"href":"https:\/\/hwhorizon.com\/de\/wp-json\/wp\/v2\/product_cat?post=1171"},{"taxonomy":"product_tag","embeddable":true,"href":"https:\/\/hwhorizon.com\/de\/wp-json\/wp\/v2\/product_tag?post=1171"}],"curies":[{"name":"wp","href":"https:\/\/api.w.org\/{rel}","templated":true}]}}