{"id":1045,"date":"2025-09-15T02:37:54","date_gmt":"2025-09-15T02:37:54","guid":{"rendered":"https:\/\/hwhorizon.com\/?post_type=product&#038;p=1045"},"modified":"2025-09-15T02:40:06","modified_gmt":"2025-09-15T02:40:06","slug":"kinderbekleidung-k3-1-copy-2","status":"publish","type":"product","link":"https:\/\/hwhorizon.com\/de\/shop\/kinderbekleidung\/kinderbekleidung-k3-1-copy-2\/","title":{"rendered":"Kinder tragen K4"},"content":{"rendered":"","protected":false},"excerpt":{"rendered":"<p class=\"p1\">Unsere Linie f\u00fcr wei\u00dfe &amp; rosa Kinderbekleidung wurde mit Blick auf Weichheit, Sicherheit und Komfort entwickelt. Geeignet f\u00fcr den t\u00e4glichen Gebrauch, Schuluniformen und Modekollektionen, werden diese Kleidungsst\u00fccke aus hautfreundlichen Stoffen hergestellt, die Atmungsaktivit\u00e4t und Haltbarkeit gew\u00e4hrleisten. <\/p>\n<p class=\"p1\">Die OEM- &amp; ODM-Anpassung umfasst kindersichere Stoffe, Drucke, Stickereien, Gr\u00f6\u00dfenanpassungen, umweltfreundliche Farbstoffe, Etikettierung und Verpackung.<\/p>\n<p class=\"p3\"><b>Hauptmerkmale:<\/b><b><\/b><\/p>\n<ul>\n<li>\n<p class=\"p1\"><span class=\"s1\"><b>Stoff:<\/b><\/span> 100 % Baumwolle \/ Baumwollmischung (anpassbar)<\/p>\n<\/li>\n<li>\n<p class=\"p1\"><span class=\"s1\"><b>Gr\u00f6\u00dfen:<\/b><\/span> 2\u201314 Jahre (individuelle Gr\u00f6\u00dfenanpassung verf\u00fcgbar)<\/p>\n<\/li>\n<li>\n<p class=\"p1\"><span class=\"s1\"><b>Farbe:<\/b><\/span> Wei\u00df &amp; Rosa (individuelle Farben verf\u00fcgbar)<\/p>\n<\/li>\n<li>\n<p class=\"p1\"><span class=\"s1\"><b>MOQ:<\/b><\/span> 200 St\u00fcck pro Design (verhandelbar)<\/p>\n<\/li>\n<li>\n<p class=\"p1\"><span class=\"s1\"><b>Lieferzeit:<\/b><\/span> 7\u201310 Tage f\u00fcr Muster, 25\u201330 Tage f\u00fcr Gro\u00dfbestellungen<\/p>\n<\/li>\n<li>\n<p class=\"p1\"><span class=\"s1\"><b>Service:<\/b><\/span> OEM\/ODM mit Private-Label- &amp; Verpackungsoptionen<\/p>\n<\/li>\n<\/ul>\n<p class=\"p1\">Die gesamte Kinderbekleidungsproduktion folgt strengen Sicherheitsstandards und internationalen Zertifizierungen und gew\u00e4hrleistet Komfort und Sicherheit.<\/p>\n","protected":false},"featured_media":1049,"template":"","meta":[],"product_brand":[],"product_cat":[80],"product_tag":[],"class_list":{"0":"post-1045","1":"product","2":"type-product","3":"status-publish","4":"has-post-thumbnail","6":"product_cat-kinderbekleidung","8":"first","9":"instock","10":"shipping-taxable","11":"product-type-simple"},"_links":{"self":[{"href":"https:\/\/hwhorizon.com\/de\/wp-json\/wp\/v2\/product\/1045","targetHints":{"allow":["GET"]}}],"collection":[{"href":"https:\/\/hwhorizon.com\/de\/wp-json\/wp\/v2\/product"}],"about":[{"href":"https:\/\/hwhorizon.com\/de\/wp-json\/wp\/v2\/types\/product"}],"wp:featuredmedia":[{"embeddable":true,"href":"https:\/\/hwhorizon.com\/de\/wp-json\/wp\/v2\/media\/1049"}],"wp:attachment":[{"href":"https:\/\/hwhorizon.com\/de\/wp-json\/wp\/v2\/media?parent=1045"}],"wp:term":[{"taxonomy":"product_brand","embeddable":true,"href":"https:\/\/hwhorizon.com\/de\/wp-json\/wp\/v2\/product_brand?post=1045"},{"taxonomy":"product_cat","embeddable":true,"href":"https:\/\/hwhorizon.com\/de\/wp-json\/wp\/v2\/product_cat?post=1045"},{"taxonomy":"product_tag","embeddable":true,"href":"https:\/\/hwhorizon.com\/de\/wp-json\/wp\/v2\/product_tag?post=1045"}],"curies":[{"name":"wp","href":"https:\/\/api.w.org\/{rel}","templated":true}]}}