{"id":1756,"date":"2025-09-16T01:22:12","date_gmt":"2025-09-16T01:22:12","guid":{"rendered":"https:\/\/hwhorizon.com\/haeufig-gestellte-fragen\/"},"modified":"2025-10-14T08:23:25","modified_gmt":"2025-10-14T08:23:25","slug":"haeufig-gestellte-fragen","status":"publish","type":"page","link":"https:\/\/hwhorizon.com\/de\/haeufig-gestellte-fragen\/","title":{"rendered":"H\u00e4ufig gestellte Fragen"},"content":{"rendered":"\t\t<div data-elementor-type=\"wp-page\" data-elementor-id=\"1756\" class=\"elementor elementor-1756 elementor-1753\" data-elementor-post-type=\"page\">\n\t\t\t\t<div class=\"elementor-element elementor-element-563621f e-flex e-con-boxed e-con e-parent\" data-id=\"563621f\" data-element_type=\"container\" data-e-type=\"container\">\n\t\t\t\t\t<div class=\"e-con-inner\">\n\t\t\t\t<div class=\"elementor-element elementor-element-bd4c87f elementor-widget elementor-widget-heading\" data-id=\"bd4c87f\" data-element_type=\"widget\" data-e-type=\"widget\" data-widget_type=\"heading.default\">\n\t\t\t\t\t<h1 class=\"elementor-heading-title elementor-size-default\">Ihr vertrauensw\u00fcrdiger Partner f\u00fcr Tarnkleidung\n<\/h1>\t\t\t\t<\/div>\n\t\t\t\t<div class=\"elementor-element elementor-element-e334841 elementor-widget elementor-widget-text-editor\" data-id=\"e334841\" data-element_type=\"widget\" data-e-type=\"widget\" data-widget_type=\"text-editor.default\">\n\t\t\t\t\t\t\t\t\t<p class=\"p1\">Wir bieten OEM- und ODM-Tarnkleidung mit Komplettl\u00f6sungen. Weltweit gesch\u00e4tzt f\u00fcr langlebige, funktionale und stilvolle Produkte. <\/p>\t\t\t\t\t\t\t\t<\/div>\n\t\t\t\t<div class=\"elementor-element elementor-element-f207955 elementor-widget elementor-widget-text-editor\" data-id=\"f207955\" data-element_type=\"widget\" data-e-type=\"widget\" data-widget_type=\"text-editor.default\">\n\t\t\t\t\t\t\t\t\t<p class=\"p1\"><b>F: Welche Arten von Tarnkleidung stellen Sie her?<\/b><b><\/b><\/p><p class=\"p1\">A: Wir produzieren eine breite Palette von Produkten, darunter Uniformen im Milit\u00e4rstil, modische Tarn-Streetwear und taktische Outdoor-Ausr\u00fcstung.<b><\/b><\/p><p> <\/p><p class=\"p1\"><b>F: Bieten Sie OEM- und ODM-Dienstleistungen an?<\/b><b><\/b><\/p><p class=\"p1\">A: Ja, wir sind auf OEM und ODM spezialisiert und bieten Komplettl\u00f6sungen vom Produktdesign bis zur Massenproduktion.<b><\/b><\/p><p> <\/p><p class=\"p1\"><b>F: K\u00f6nnen Sie Stoffe und Muster gem\u00e4\u00df den Kundenanforderungen anpassen?<\/b><b><\/b><\/p><p class=\"p1\">A: Auf jeden Fall. Wir bieten Stoffbeschaffung und Musterentwicklung, um spezifische Kundenbed\u00fcrfnisse zu erf\u00fcllen.<b><\/b><\/p><p class=\"p1\"> <\/p><p class=\"p1\"><b>F: Wie stellen Sie die Produktqualit\u00e4t sicher?<\/b><b><\/b><\/p><p class=\"p1\">A: Wir implementieren eine strenge Qualit\u00e4tskontrolle w\u00e4hrend des gesamten Produktionsprozesses, um sicherzustellen, dass unsere Kleidung internationalen Standards entspricht.<\/p><p> <\/p><p class=\"p1\"><b>F: Welche M\u00e4rkte bedienen Sie haupts\u00e4chlich?<\/b><b><\/b><\/p><p class=\"p1\">A: Wir beliefern weltweit globale Marken, Einzelh\u00e4ndler und Gro\u00dfh\u00e4ndler, die Wert auf langlebige, funktionale und stilvolle Tarnkleidung legen.<\/p>\t\t\t\t\t\t\t\t<\/div>\n\t\t\t\t\t<\/div>\n\t\t\t\t<\/div>\n\t\t\t\t<\/div>\n\t\t","protected":false},"excerpt":{"rendered":"<p>Ihr vertrauensw\u00fcrdiger Partner f\u00fcr Tarnkleidung Wir bieten OEM- und ODM-Tarnkleidung mit Komplettl\u00f6sungen. Weltweit gesch\u00e4tzt f\u00fcr langlebige, funktionale und stilvolle Produkte. F: Welche Arten von Tarnkleidung stellen Sie her? A: Wir produzieren eine breite Palette von Produkten, darunter Uniformen im Milit\u00e4rstil, modische Tarn-Streetwear und taktische Outdoor-Ausr\u00fcstung. F: Bieten Sie OEM- und ODM-Dienstleistungen an? A: Ja, wir [&hellip;]<\/p>\n","protected":false},"author":1,"featured_media":0,"parent":0,"menu_order":0,"comment_status":"closed","ping_status":"closed","template":"","meta":{"footnotes":""},"class_list":["post-1756","page","type-page","status-publish","hentry"],"_links":{"self":[{"href":"https:\/\/hwhorizon.com\/de\/wp-json\/wp\/v2\/pages\/1756","targetHints":{"allow":["GET"]}}],"collection":[{"href":"https:\/\/hwhorizon.com\/de\/wp-json\/wp\/v2\/pages"}],"about":[{"href":"https:\/\/hwhorizon.com\/de\/wp-json\/wp\/v2\/types\/page"}],"author":[{"embeddable":true,"href":"https:\/\/hwhorizon.com\/de\/wp-json\/wp\/v2\/users\/1"}],"replies":[{"embeddable":true,"href":"https:\/\/hwhorizon.com\/de\/wp-json\/wp\/v2\/comments?post=1756"}],"version-history":[{"count":3,"href":"https:\/\/hwhorizon.com\/de\/wp-json\/wp\/v2\/pages\/1756\/revisions"}],"predecessor-version":[{"id":1932,"href":"https:\/\/hwhorizon.com\/de\/wp-json\/wp\/v2\/pages\/1756\/revisions\/1932"}],"wp:attachment":[{"href":"https:\/\/hwhorizon.com\/de\/wp-json\/wp\/v2\/media?parent=1756"}],"curies":[{"name":"wp","href":"https:\/\/api.w.org\/{rel}","templated":true}]}}