{"id":968,"date":"2025-09-15T02:16:25","date_gmt":"2025-09-15T02:16:25","guid":{"rendered":"https:\/\/hwhorizon.com\/?post_type=product&#038;p=968"},"modified":"2025-09-15T02:17:57","modified_gmt":"2025-09-15T02:17:57","slug":"arbejdstoj-k1-copy-copy-copy-copy","status":"publish","type":"product","link":"https:\/\/hwhorizon.com\/da\/shop\/arbejdstoj\/arbejdstoj-k1-copy-copy-copy-copy\/","title":{"rendered":"Arbejdst\u00f8j K5"},"content":{"rendered":"","protected":false},"excerpt":{"rendered":"<p class=\"p1\">Vores arbejdsbukser kombinerer sikkerhed, holdbarhed og komfort, hvilket g\u00f8r dem ideelle til industrielt arbejdst\u00f8j, byggeri og udend\u00f8rs opgaver. Designet med et orange og sort v\u00e6vet stof giver disse bukser b\u00e5de synlighed og styrke til kr\u00e6vende milj\u00f8er. <\/p>\n<p class=\"p1\">Som professionel OEM  ODM producent tilbyder vi komplette tilpasningsmuligheder, herunder stofvalg, farvevariationer, forst\u00e6rket syning, logo-broderi\/tryk, private label og emballage.<\/p>\n<p class=\"p3\"><b>N\u00f8glefunktioner:<\/b><b><\/b><\/p>\n<ul>\n<li>\n<p class=\"p1\"><span class=\"s1\"><b>Stof:<\/b><\/span> Kraftigt bomuld\/polyester-blend (kan tilpasses)<\/p>\n<\/li>\n<li>\n<p class=\"p1\"><span class=\"s1\"><b>St\u00f8rrelser:<\/b><\/span> S \u2013 4XL (specialst\u00f8rrelser mulige)<\/p>\n<\/li>\n<li>\n<p class=\"p1\"><span class=\"s1\"><b>Farve:<\/b><\/span> Orange  sort v\u00e6vet (kundetilpassede farver mulige)<\/p>\n<\/li>\n<li>\n<p class=\"p1\"><span class=\"s1\"><b>Minimum ordrem\u00e6ngde:<\/b><\/span> 100 stk. pr. design (kan forhandles)<\/p>\n<\/li>\n<li>\n<p class=\"p1\"><span class=\"s1\"><b>Leveringstid:<\/b><\/span> 7-10 dage for pr\u00f8ver, 25-35 dage for st\u00f8rre ordrer<\/p>\n<\/li>\n<li>\n<p class=\"p1\"><span class=\"s1\"><b>Service:<\/b><\/span> OEM\/ODM tilg\u00e6ngelig med private label  emballagel\u00f8sninger<\/p>\n<\/li>\n<\/ul>\n<p class=\"p1\">Med ISO- og OEKO-TEX-certificeret produktion sikrer vi p\u00e5lidelig ydeevne og sikkerhedsstandarder for alle arbejdsmilj\u00f8er.<\/p>\n","protected":false},"featured_media":972,"template":"","meta":[],"product_brand":[],"product_cat":[88],"product_tag":[],"class_list":{"0":"post-968","1":"product","2":"type-product","3":"status-publish","4":"has-post-thumbnail","6":"product_cat-arbejdstoj","8":"first","9":"instock","10":"shipping-taxable","11":"product-type-simple"},"_links":{"self":[{"href":"https:\/\/hwhorizon.com\/da\/wp-json\/wp\/v2\/product\/968","targetHints":{"allow":["GET"]}}],"collection":[{"href":"https:\/\/hwhorizon.com\/da\/wp-json\/wp\/v2\/product"}],"about":[{"href":"https:\/\/hwhorizon.com\/da\/wp-json\/wp\/v2\/types\/product"}],"wp:featuredmedia":[{"embeddable":true,"href":"https:\/\/hwhorizon.com\/da\/wp-json\/wp\/v2\/media\/972"}],"wp:attachment":[{"href":"https:\/\/hwhorizon.com\/da\/wp-json\/wp\/v2\/media?parent=968"}],"wp:term":[{"taxonomy":"product_brand","embeddable":true,"href":"https:\/\/hwhorizon.com\/da\/wp-json\/wp\/v2\/product_brand?post=968"},{"taxonomy":"product_cat","embeddable":true,"href":"https:\/\/hwhorizon.com\/da\/wp-json\/wp\/v2\/product_cat?post=968"},{"taxonomy":"product_tag","embeddable":true,"href":"https:\/\/hwhorizon.com\/da\/wp-json\/wp\/v2\/product_tag?post=968"}],"curies":[{"name":"wp","href":"https:\/\/api.w.org\/{rel}","templated":true}]}}