{"id":906,"date":"2025-09-15T02:01:57","date_gmt":"2025-09-15T02:01:57","guid":{"rendered":"https:\/\/hwhorizon.com\/?post_type=product&#038;p=906"},"modified":"2025-09-15T02:04:23","modified_gmt":"2025-09-15T02:04:23","slug":"badeshorts-dk1-copy-2","status":"publish","type":"product","link":"https:\/\/hwhorizon.com\/da\/shop\/surfshorts\/badeshorts-dk1-copy-2\/","title":{"rendered":"Surfershorts DK5"},"content":{"rendered":"","protected":false},"excerpt":{"rendered":"<p class=\"p1\">Vores khakifarvede badeshorts er designet til strandt\u00f8j, afslappet gademode og udend\u00f8rs sommeraktiviteter. De er fremstillet af hurtigtt\u00f8rrende stof og giver maksimal komfort og stil i varmt vejr. <\/p>\n<p class=\"p1\">OEM  ODM-tilpasning giver fuld fleksibilitet i valg af stof, l\u00e6ngde, logoplacering, print, private label og milj\u00f8venlig emballage.<\/p>\n<p class=\"p3\"><b>N\u00f8glefunktioner:<\/b><b><\/b><\/p>\n<ul>\n<li>\n<p class=\"p1\"><span class=\"s1\"><b>Stof:<\/b><\/span> Hurtigtt\u00f8rrende polyester (kan tilpasses)<\/p>\n<\/li>\n<li>\n<p class=\"p1\"><span class=\"s1\"><b>St\u00f8rrelser:<\/b><\/span> XS \u2013 XXL (specialst\u00f8rrelser mulige)<\/p>\n<\/li>\n<li>\n<p class=\"p1\"><span class=\"s1\"><b>Farve:<\/b><\/span> Khaki (tilpassede farver og print mulige)<\/p>\n<\/li>\n<li>\n<p class=\"p1\"><span class=\"s1\"><b>MOQ:<\/b><\/span> 200 stk. pr. design (kan forhandles)<\/p>\n<\/li>\n<li>\n<p class=\"p1\"><span class=\"s1\"><b>Leveringstid:<\/b><\/span> 7-10 dage for pr\u00f8ver, 25-30 dage for st\u00f8rre ordrer<\/p>\n<\/li>\n<li>\n<p class=\"p1\"><span class=\"s1\"><b>Service:<\/b><\/span> OEM\/ODM med private label- og emballagemuligheder<\/p>\n<\/li>\n<\/ul>\n<p class=\"p1\">Med vores certificerede faciliteter leverer vi stilfulde, holdbare badeshorts, der opfylder internationale standarder for strandt\u00f8j.<\/p>\n","protected":false},"featured_media":916,"template":"","meta":[],"product_brand":[],"product_cat":[90],"product_tag":[],"class_list":{"0":"post-906","1":"product","2":"type-product","3":"status-publish","4":"has-post-thumbnail","6":"product_cat-surfshorts","8":"first","9":"instock","10":"shipping-taxable","11":"product-type-simple"},"_links":{"self":[{"href":"https:\/\/hwhorizon.com\/da\/wp-json\/wp\/v2\/product\/906","targetHints":{"allow":["GET"]}}],"collection":[{"href":"https:\/\/hwhorizon.com\/da\/wp-json\/wp\/v2\/product"}],"about":[{"href":"https:\/\/hwhorizon.com\/da\/wp-json\/wp\/v2\/types\/product"}],"wp:featuredmedia":[{"embeddable":true,"href":"https:\/\/hwhorizon.com\/da\/wp-json\/wp\/v2\/media\/916"}],"wp:attachment":[{"href":"https:\/\/hwhorizon.com\/da\/wp-json\/wp\/v2\/media?parent=906"}],"wp:term":[{"taxonomy":"product_brand","embeddable":true,"href":"https:\/\/hwhorizon.com\/da\/wp-json\/wp\/v2\/product_brand?post=906"},{"taxonomy":"product_cat","embeddable":true,"href":"https:\/\/hwhorizon.com\/da\/wp-json\/wp\/v2\/product_cat?post=906"},{"taxonomy":"product_tag","embeddable":true,"href":"https:\/\/hwhorizon.com\/da\/wp-json\/wp\/v2\/product_tag?post=906"}],"curies":[{"name":"wp","href":"https:\/\/api.w.org\/{rel}","templated":true}]}}