{"id":790,"date":"2025-08-16T07:30:53","date_gmt":"2025-08-16T07:30:53","guid":{"rendered":"https:\/\/hwhorizon.com\/product\/camo-c7\/"},"modified":"2025-09-13T09:22:55","modified_gmt":"2025-09-13T09:22:55","slug":"camo-c7","status":"publish","type":"product","link":"https:\/\/hwhorizon.com\/da\/shop\/uncategorized-da\/camo-c7\/","title":{"rendered":"Camo C7"},"content":{"rendered":"","protected":false},"excerpt":{"rendered":"<p class=\"p1\">Vores Camo-skjorte i gr\u00e5 er designet med fokus p\u00e5 komfort og alsidighed, perfekt til udend\u00f8rs eventyr, taktisk brug eller afslappet milit\u00e6rinspireret mode. Fremstillet af holdbare polyester\/bomulds-blandinger, der sikrer \u00e5ndbarhed, bl\u00f8dhed og lang holdbarhed. <\/p>\n<p class=\"p1\">Som professionel OEM  ODM t\u00f8jproducent tilbyder vi fuld tilpasning, herunder valg af stof, farvevariationer, camouflagem\u00f8nstre, logo-broderi\/tryk, private label og emballage. Fleksibel MOQ og hurtig pr\u00f8veservice sikrer, at dit projekt forl\u00f8ber problemfrit. <\/p>\n<p class=\"p3\"><b>N\u00f8glefunktioner:<\/b><b><\/b><\/p>\n<ul>\n<li>\n<p class=\"p1\">Stof: Polyester\/bomuld-blanding (kan tilpasses)<\/p>\n<\/li>\n<li>\n<p class=\"p1\">St\u00f8rrelser: XS \u2013 3XL (specialst\u00f8rrelser mulige)<\/p>\n<\/li>\n<li>\n<p class=\"p1\">Camom\u00f8nster: Woodland \/ \u00f8rken \/ digital \/ tilpasset<\/p>\n<\/li>\n<li>\n<p class=\"p1\">Krave: Standard skjortekrave<\/p>\n<\/li>\n<li>\n<p class=\"p1\">MOQ: 100 stk. pr. design (kan forhandles)<\/p>\n<\/li>\n<li>\n<p class=\"p1\">Leveringstid: 7-10 dage for pr\u00f8ver, 25-35 dage for st\u00f8rre ordrer<\/p>\n<\/li>\n<li>\n<p class=\"p1\">Service: OEM\/ODM tilg\u00e6ngelig, private label  emballage muligheder<\/p>\n<\/li>\n<\/ul>\n","protected":false},"featured_media":791,"template":"","meta":[],"product_brand":[],"product_cat":[53],"product_tag":[],"class_list":{"0":"post-790","1":"product","2":"type-product","3":"status-publish","4":"has-post-thumbnail","6":"product_cat-uncategorized-da","8":"first","9":"instock","10":"shipping-taxable","11":"product-type-simple"},"_links":{"self":[{"href":"https:\/\/hwhorizon.com\/da\/wp-json\/wp\/v2\/product\/790","targetHints":{"allow":["GET"]}}],"collection":[{"href":"https:\/\/hwhorizon.com\/da\/wp-json\/wp\/v2\/product"}],"about":[{"href":"https:\/\/hwhorizon.com\/da\/wp-json\/wp\/v2\/types\/product"}],"wp:featuredmedia":[{"embeddable":true,"href":"https:\/\/hwhorizon.com\/da\/wp-json\/wp\/v2\/media\/791"}],"wp:attachment":[{"href":"https:\/\/hwhorizon.com\/da\/wp-json\/wp\/v2\/media?parent=790"}],"wp:term":[{"taxonomy":"product_brand","embeddable":true,"href":"https:\/\/hwhorizon.com\/da\/wp-json\/wp\/v2\/product_brand?post=790"},{"taxonomy":"product_cat","embeddable":true,"href":"https:\/\/hwhorizon.com\/da\/wp-json\/wp\/v2\/product_cat?post=790"},{"taxonomy":"product_tag","embeddable":true,"href":"https:\/\/hwhorizon.com\/da\/wp-json\/wp\/v2\/product_tag?post=790"}],"curies":[{"name":"wp","href":"https:\/\/api.w.org\/{rel}","templated":true}]}}