{"id":785,"date":"2025-08-16T07:29:50","date_gmt":"2025-08-16T07:29:50","guid":{"rendered":"https:\/\/hwhorizon.com\/product\/camo-c5\/"},"modified":"2025-09-13T09:24:40","modified_gmt":"2025-09-13T09:24:40","slug":"camo-c5","status":"publish","type":"product","link":"https:\/\/hwhorizon.com\/da\/shop\/uncategorized-da\/camo-c5\/","title":{"rendered":"Camo C5"},"content":{"rendered":"","protected":false},"excerpt":{"rendered":"<p class=\"p1\">Vores Camo Vest er let men holdbar, designet til at b\u00e6re over skjorter eller jakker til udend\u00f8rs-, taktiske eller arbejdst\u00f8jsform\u00e5l. Fremstillet af f\u00f8rsteklasses polyester\/bomulds-blandinger, der kombinerer komfort, fleksibilitet og holdbarhed. <\/p>\n<p class=\"p1\">Vi tilbyder fuld OEM  ODM-tilpasning, herunder stof, camouflagem\u00f8nstre, logo-broderi\/tryk, private label og emballage. Fleksibel MOQ og hurtig pr\u00f8veservice sikrer gnidningsfri produktion for alle kunder. <\/p>\n<p class=\"p3\"><b>N\u00f8glefunktioner:<\/b><b><\/b><\/p>\n<ul>\n<li>\n<p class=\"p1\">Stof: Polyester\/bomuld-blanding (kan tilpasses)<\/p>\n<\/li>\n<li>\n<p class=\"p1\">St\u00f8rrelser: XS \u2013 3XL (specialst\u00f8rrelser mulige)<\/p>\n<\/li>\n<li>\n<p class=\"p1\">Camom\u00f8nster: Woodland \/ \u00f8rken \/ digital \/ tilpasset<\/p>\n<\/li>\n<li>\n<p class=\"p1\">Stil: \u00c6rmel\u00f8s vest med frontlommer<\/p>\n<\/li>\n<li>\n<p class=\"p1\">MOQ: 100 stk. pr. design (kan forhandles)<\/p>\n<\/li>\n<li>\n<p class=\"p1\">Leveringstid: 7-10 dage for pr\u00f8ver, 25-35 dage for st\u00f8rre ordrer<\/p>\n<\/li>\n<li>\n<p class=\"p1\">Service: OEM\/ODM tilg\u00e6ngelig, private label  emballage muligheder<\/p>\n<\/li>\n<\/ul>\n","protected":false},"featured_media":786,"template":"","meta":[],"product_brand":[],"product_cat":[53],"product_tag":[],"class_list":{"0":"post-785","1":"product","2":"type-product","3":"status-publish","4":"has-post-thumbnail","6":"product_cat-uncategorized-da","8":"first","9":"instock","10":"shipping-taxable","11":"product-type-simple"},"_links":{"self":[{"href":"https:\/\/hwhorizon.com\/da\/wp-json\/wp\/v2\/product\/785","targetHints":{"allow":["GET"]}}],"collection":[{"href":"https:\/\/hwhorizon.com\/da\/wp-json\/wp\/v2\/product"}],"about":[{"href":"https:\/\/hwhorizon.com\/da\/wp-json\/wp\/v2\/types\/product"}],"wp:featuredmedia":[{"embeddable":true,"href":"https:\/\/hwhorizon.com\/da\/wp-json\/wp\/v2\/media\/786"}],"wp:attachment":[{"href":"https:\/\/hwhorizon.com\/da\/wp-json\/wp\/v2\/media?parent=785"}],"wp:term":[{"taxonomy":"product_brand","embeddable":true,"href":"https:\/\/hwhorizon.com\/da\/wp-json\/wp\/v2\/product_brand?post=785"},{"taxonomy":"product_cat","embeddable":true,"href":"https:\/\/hwhorizon.com\/da\/wp-json\/wp\/v2\/product_cat?post=785"},{"taxonomy":"product_tag","embeddable":true,"href":"https:\/\/hwhorizon.com\/da\/wp-json\/wp\/v2\/product_tag?post=785"}],"curies":[{"name":"wp","href":"https:\/\/api.w.org\/{rel}","templated":true}]}}