{"id":727,"date":"2025-08-16T07:24:34","date_gmt":"2025-08-16T07:24:34","guid":{"rendered":"https:\/\/hwhorizon.com\/product\/striktroeje-t22\/"},"modified":"2025-09-13T09:30:02","modified_gmt":"2025-09-13T09:30:02","slug":"striktroeje-t22","status":"publish","type":"product","link":"https:\/\/hwhorizon.com\/da\/shop\/striktrojer\/striktroeje-t22\/","title":{"rendered":"Striktr\u00f8je T22"},"content":{"rendered":"","protected":false},"excerpt":{"rendered":"<p class=\"p1\">Vores r\u00f8de striktr\u00f8je kombinerer varme, bl\u00f8dhed og moderne stil. Velegnet til afslappet brug, uniformsbehov eller s\u00e6sonkollektioner er denne striktr\u00f8je fremstillet med fokus p\u00e5 b\u00e5de komfort og holdbarhed. <\/p>\n<p class=\"p1\">Gennem OEM  ODM-tjenester tilbyder vi skr\u00e6ddersyede l\u00f8sninger inden for garnvalg, strikkem\u00f8nstre, logobroderinger, farvevariationer og emballagel\u00f8sninger.<\/p>\n<p class=\"p3\"><b>N\u00f8glefunktioner:<\/b><b><\/b><\/p>\n<ul>\n<li>\n<p class=\"p1\"><span class=\"s1\"><b>Materiale:<\/b><\/span> Uld\/akryl-blanding (kan tilpasses)<\/p>\n<\/li>\n<li>\n<p class=\"p1\"><span class=\"s1\"><b>St\u00f8rrelser:<\/b><\/span> XS \u2013 3XL (specialst\u00f8rrelser mulige)<\/p>\n<\/li>\n<li>\n<p class=\"p1\"><span class=\"s1\"><b>Farve:<\/b><\/span> R\u00f8d (specialfarver mulige)<\/p>\n<\/li>\n<li>\n<p class=\"p1\"><span class=\"s1\"><b>Minimum ordrem\u00e6ngde:<\/b><\/span> 100 stk. pr. design (kan forhandles)<\/p>\n<\/li>\n<li>\n<p class=\"p1\"><span class=\"s1\"><b>Leveringstid:<\/b><\/span> 10-12 dage for pr\u00f8ver, 30-40 dage for st\u00f8rre ordrer<\/p>\n<\/li>\n<li>\n<p class=\"p1\"><span class=\"s1\"><b>Service:<\/b><\/span> OEM\/ODM tilg\u00e6ngelig, med private label-muligheder<\/p>\n<\/li>\n<\/ul>\n<p class=\"p1\">Certificeret med ISO og OEKO-TEX, sikrer vores striktr\u00f8jer konsistent kvalitet og komfort.<\/p>\n","protected":false},"featured_media":471,"template":"","meta":[],"product_brand":[],"product_cat":[86],"product_tag":[],"class_list":{"0":"post-727","1":"product","2":"type-product","3":"status-publish","4":"has-post-thumbnail","6":"product_cat-striktrojer","8":"first","9":"instock","10":"shipping-taxable","11":"product-type-simple"},"_links":{"self":[{"href":"https:\/\/hwhorizon.com\/da\/wp-json\/wp\/v2\/product\/727","targetHints":{"allow":["GET"]}}],"collection":[{"href":"https:\/\/hwhorizon.com\/da\/wp-json\/wp\/v2\/product"}],"about":[{"href":"https:\/\/hwhorizon.com\/da\/wp-json\/wp\/v2\/types\/product"}],"wp:featuredmedia":[{"embeddable":true,"href":"https:\/\/hwhorizon.com\/da\/wp-json\/wp\/v2\/media\/471"}],"wp:attachment":[{"href":"https:\/\/hwhorizon.com\/da\/wp-json\/wp\/v2\/media?parent=727"}],"wp:term":[{"taxonomy":"product_brand","embeddable":true,"href":"https:\/\/hwhorizon.com\/da\/wp-json\/wp\/v2\/product_brand?post=727"},{"taxonomy":"product_cat","embeddable":true,"href":"https:\/\/hwhorizon.com\/da\/wp-json\/wp\/v2\/product_cat?post=727"},{"taxonomy":"product_tag","embeddable":true,"href":"https:\/\/hwhorizon.com\/da\/wp-json\/wp\/v2\/product_tag?post=727"}],"curies":[{"name":"wp","href":"https:\/\/api.w.org\/{rel}","templated":true}]}}