{"id":685,"date":"2025-08-16T07:30:23","date_gmt":"2025-08-16T07:30:23","guid":{"rendered":"https:\/\/hwhorizon.com\/product\/camo-c6\/"},"modified":"2025-09-13T09:24:11","modified_gmt":"2025-09-13T09:24:11","slug":"camo-c6","status":"publish","type":"product","link":"https:\/\/hwhorizon.com\/da\/shop\/uncategorized-da\/camo-c6\/","title":{"rendered":"Camo C6"},"content":{"rendered":"","protected":false},"excerpt":{"rendered":"<p class=\"p1\">Vores gr\u00f8nne Camo-skjorte kombinerer funktionalitet og stil, perfekt til udend\u00f8rsaktiviteter, taktisk bekl\u00e6dning eller moderne milit\u00e6rinspirerede looks. Fremstillet af polyester\/bomuld i h\u00f8j kvalitet, der sikrer holdbarhed, komfort og nem vedligeholdelse. <\/p>\n<p class=\"p1\">Fuld OEM- og ODM-service er tilg\u00e6ngelig, herunder valg af stof, camouflagem\u00f8nstre, logo-tilpasning, private label og emballage. Fleksibel MOQ og effektiv pr\u00f8vetagning fremskynder din produktlancering. <\/p>\n<p class=\"p3\"><b>N\u00f8glefunktioner:<\/b><b><\/b><\/p>\n<ul>\n<li>\n<p class=\"p1\">Stof: Polyester\/bomuld-blanding (kan tilpasses)<\/p>\n<\/li>\n<li>\n<p class=\"p1\">St\u00f8rrelser: XS \u2013 3XL (specialst\u00f8rrelser mulige)<\/p>\n<\/li>\n<li>\n<p class=\"p1\">Camom\u00f8nster: Woodland \/ \u00f8rken \/ digital \/ tilpasset<\/p>\n<\/li>\n<li>\n<p class=\"p1\">Krave: Standard skjortekrave<\/p>\n<\/li>\n<li>\n<p class=\"p1\">MOQ: 100 stk. pr. design (kan forhandles)<\/p>\n<\/li>\n<li>\n<p class=\"p1\">Leveringstid: 7-10 dage for pr\u00f8ver, 25-35 dage for st\u00f8rre ordrer<\/p>\n<\/li>\n<li>\n<p class=\"p1\">Service: OEM\/ODM tilg\u00e6ngelig, private label  emballage muligheder<\/p>\n<\/li>\n<\/ul>\n","protected":false},"featured_media":686,"template":"","meta":[],"product_brand":[],"product_cat":[53],"product_tag":[],"class_list":{"0":"post-685","1":"product","2":"type-product","3":"status-publish","4":"has-post-thumbnail","6":"product_cat-uncategorized-da","8":"first","9":"instock","10":"shipping-taxable","11":"product-type-simple"},"_links":{"self":[{"href":"https:\/\/hwhorizon.com\/da\/wp-json\/wp\/v2\/product\/685","targetHints":{"allow":["GET"]}}],"collection":[{"href":"https:\/\/hwhorizon.com\/da\/wp-json\/wp\/v2\/product"}],"about":[{"href":"https:\/\/hwhorizon.com\/da\/wp-json\/wp\/v2\/types\/product"}],"wp:featuredmedia":[{"embeddable":true,"href":"https:\/\/hwhorizon.com\/da\/wp-json\/wp\/v2\/media\/686"}],"wp:attachment":[{"href":"https:\/\/hwhorizon.com\/da\/wp-json\/wp\/v2\/media?parent=685"}],"wp:term":[{"taxonomy":"product_brand","embeddable":true,"href":"https:\/\/hwhorizon.com\/da\/wp-json\/wp\/v2\/product_brand?post=685"},{"taxonomy":"product_cat","embeddable":true,"href":"https:\/\/hwhorizon.com\/da\/wp-json\/wp\/v2\/product_cat?post=685"},{"taxonomy":"product_tag","embeddable":true,"href":"https:\/\/hwhorizon.com\/da\/wp-json\/wp\/v2\/product_tag?post=685"}],"curies":[{"name":"wp","href":"https:\/\/api.w.org\/{rel}","templated":true}]}}