{"id":593,"date":"2025-08-16T07:20:32","date_gmt":"2025-08-16T07:20:32","guid":{"rendered":"https:\/\/hwhorizon.com\/product\/camo-c1\/"},"modified":"2025-09-13T09:31:14","modified_gmt":"2025-09-13T09:31:14","slug":"camo-c1","status":"publish","type":"product","link":"https:\/\/hwhorizon.com\/da\/shop\/uncategorized-da\/camo-c1\/","title":{"rendered":"Camo C1"},"content":{"rendered":"","protected":false},"excerpt":{"rendered":"<p data-start=\"428\" data-end=\"713\">Vores <strong data-start=\"432\" data-end=\"447\">camojakke<\/strong> er designet med b\u00e5de <strong data-start=\"469\" data-end=\"496\">funktionalitet og stil<\/strong> for \u00f8je, hvilket g\u00f8r den ideel til udend\u00f8rsaktiviteter, milit\u00e6rinspireret mode og arbejdst\u00f8j. Fremstillet af <strong data-start=\"597\" data-end=\"637\">polyester\/bomuld i h\u00f8j kvalitet<\/strong>, tilbyder denne jakke holdbarhed, komfort og modstandsdygtighed over for slitage. <\/p>\n<p data-start=\"715\" data-end=\"1092\">Som professionel <strong data-start=\"733\" data-end=\"767\">OEM- og ODM-bekl\u00e6dningsproducent<\/strong> tilbyder vi <strong data-start=\"780\" data-end=\"810\">fuld tilpasningsmulighed<\/strong>, herunder valg af stof, farvevariationer, camouflagem\u00f8nstre, logobrodering\/tryk, private label og emballage. Uanset om du er et brand, grossist eller forhandler, sikrer vores <strong data-start=\"989\" data-end=\"1031\">fleksible MOQ og hurtige pr\u00f8veservice<\/strong> en problemfri produktionsproces tilpasset dine behov. <\/p>\n<p data-start=\"1094\" data-end=\"1113\"><strong data-start=\"1094\" data-end=\"1111\">N\u00f8glefunktioner:<\/strong><\/p>\n<ul data-start=\"1114\" data-end=\"1441\">\n<li data-start=\"1114\" data-end=\"1163\">\n<p data-start=\"1116\" data-end=\"1163\">Stof: Polyester\/bomuld-blanding (kan tilpasses)<\/p>\n<\/li>\n<li data-start=\"1164\" data-end=\"1209\">\n<p data-start=\"1166\" data-end=\"1209\">St\u00f8rrelser: XS \u2013 3XL (specialst\u00f8rrelser mulige)<\/p>\n<\/li>\n<li data-start=\"1210\" data-end=\"1264\">\n<p data-start=\"1212\" data-end=\"1264\">Camom\u00f8nster: Woodland \/ \u00f8rken \/ digital \/ tilpasset<\/p>\n<\/li>\n<li data-start=\"1265\" data-end=\"1305\">\n<p data-start=\"1267\" data-end=\"1305\">MOQ: 100 stk. pr. design (kan forhandles)<\/p>\n<\/li>\n<li data-start=\"1306\" data-end=\"1370\">\n<p data-start=\"1308\" data-end=\"1370\">Leveringstid: 7-10 dage for pr\u00f8ver, 25-35 dage for st\u00f8rre ordrer<\/p>\n<\/li>\n<li data-start=\"1371\" data-end=\"1441\">\n<p data-start=\"1373\" data-end=\"1441\">Service: OEM\/ODM tilg\u00e6ngelig, med private label- og emballagel\u00f8sninger<\/p>\n<\/li>\n<\/ul>\n<p data-start=\"1443\" data-end=\"1669\">Med <strong data-start=\"1448\" data-end=\"1489\">ISO- og OEKO-TEX-certificeret produktion<\/strong> garanterer vi konsistent kvalitet, der opfylder internationale standarder. Samarbejd med os om at skabe dine <strong data-start=\"1590\" data-end=\"1613\">tilpassede camojakker<\/strong> og styrk din brands tilstedev\u00e6relse p\u00e5 globale markeder. <\/p>\n","protected":false},"featured_media":469,"template":"","meta":[],"product_brand":[],"product_cat":[53],"product_tag":[],"class_list":{"0":"post-593","1":"product","2":"type-product","3":"status-publish","4":"has-post-thumbnail","6":"product_cat-uncategorized-da","8":"first","9":"instock","10":"shipping-taxable","11":"product-type-simple"},"_links":{"self":[{"href":"https:\/\/hwhorizon.com\/da\/wp-json\/wp\/v2\/product\/593","targetHints":{"allow":["GET"]}}],"collection":[{"href":"https:\/\/hwhorizon.com\/da\/wp-json\/wp\/v2\/product"}],"about":[{"href":"https:\/\/hwhorizon.com\/da\/wp-json\/wp\/v2\/types\/product"}],"wp:featuredmedia":[{"embeddable":true,"href":"https:\/\/hwhorizon.com\/da\/wp-json\/wp\/v2\/media\/469"}],"wp:attachment":[{"href":"https:\/\/hwhorizon.com\/da\/wp-json\/wp\/v2\/media?parent=593"}],"wp:term":[{"taxonomy":"product_brand","embeddable":true,"href":"https:\/\/hwhorizon.com\/da\/wp-json\/wp\/v2\/product_brand?post=593"},{"taxonomy":"product_cat","embeddable":true,"href":"https:\/\/hwhorizon.com\/da\/wp-json\/wp\/v2\/product_cat?post=593"},{"taxonomy":"product_tag","embeddable":true,"href":"https:\/\/hwhorizon.com\/da\/wp-json\/wp\/v2\/product_tag?post=593"}],"curies":[{"name":"wp","href":"https:\/\/api.w.org\/{rel}","templated":true}]}}