{"id":1527,"date":"2025-09-15T06:42:16","date_gmt":"2025-09-15T06:42:16","guid":{"rendered":"https:\/\/hwhorizon.com\/?post_type=product&#038;p=1527"},"modified":"2025-09-15T06:43:25","modified_gmt":"2025-09-15T06:43:25","slug":"overtoj-c10-copy-copy-copy-copy-copy","status":"publish","type":"product","link":"https:\/\/hwhorizon.com\/da\/shop\/yderjakker\/overtoj-c10-copy-copy-copy-copy-copy\/","title":{"rendered":"Overt\u00f8j C16"},"content":{"rendered":"","protected":false},"excerpt":{"rendered":"<p class=\"ds-markdown-paragraph\">Vores tekniske jakker er udviklet til moderne ydeevne og kombinerer let konstruktion med fleksibel bev\u00e6gelighed. Designet til udend\u00f8rs eventyr, urban stil og taktiske milj\u00f8er leverer disse jakker et raffineret look uden at g\u00e5 p\u00e5 kompromis med holdbarheden. <\/p>\n<p class=\"ds-markdown-paragraph\">OEM  ODM-tjenester omfatter stofopgraderinger (herunder isolering og skalmaterialer), vandafvisende eller vandt\u00e6tte finish, tilpassede lommelayouts, h\u00e6ttejusteringer, farvevalg (ensfarvet eller camouflage), logotryk\/broderi og personlig emballage.<\/p>\n<p class=\"ds-markdown-paragraph\">N\u00f8glefunktioner:<\/p>\n<p class=\"ds-markdown-paragraph\">Stof: Vejrbestandig polyester\/nylon (kan tilpasses med stretch eller isoleringsmuligheder)<br \/>\nSt\u00f8rrelser: XS \u2013 3XL (skr\u00e6ddersyede st\u00f8rrelser tilg\u00e6ngelige)<br \/>\nMOQ: 100 enheder pr. design (fleksibelt)<br \/>\nLeveringstid: 7-10 dage for pr\u00f8ver | 25-30 dage for masseproduktion<br \/>\nService: Omfattende OEM\/ODM-support med fuld tilpasning af branding<\/p>\n<p class=\"ds-markdown-paragraph\">Certificeret af ISO og OEKO-TEX sikrer vores fremstillingsproces overlegen komfort, funktionalitet og globalt anerkendte kvalitetsstandarder.<\/p>\n","protected":false},"featured_media":1531,"template":"","meta":[],"product_brand":[],"product_cat":[95],"product_tag":[],"class_list":{"0":"post-1527","1":"product","2":"type-product","3":"status-publish","4":"has-post-thumbnail","6":"product_cat-yderjakker","8":"first","9":"instock","10":"shipping-taxable","11":"product-type-simple"},"_links":{"self":[{"href":"https:\/\/hwhorizon.com\/da\/wp-json\/wp\/v2\/product\/1527","targetHints":{"allow":["GET"]}}],"collection":[{"href":"https:\/\/hwhorizon.com\/da\/wp-json\/wp\/v2\/product"}],"about":[{"href":"https:\/\/hwhorizon.com\/da\/wp-json\/wp\/v2\/types\/product"}],"wp:featuredmedia":[{"embeddable":true,"href":"https:\/\/hwhorizon.com\/da\/wp-json\/wp\/v2\/media\/1531"}],"wp:attachment":[{"href":"https:\/\/hwhorizon.com\/da\/wp-json\/wp\/v2\/media?parent=1527"}],"wp:term":[{"taxonomy":"product_brand","embeddable":true,"href":"https:\/\/hwhorizon.com\/da\/wp-json\/wp\/v2\/product_brand?post=1527"},{"taxonomy":"product_cat","embeddable":true,"href":"https:\/\/hwhorizon.com\/da\/wp-json\/wp\/v2\/product_cat?post=1527"},{"taxonomy":"product_tag","embeddable":true,"href":"https:\/\/hwhorizon.com\/da\/wp-json\/wp\/v2\/product_tag?post=1527"}],"curies":[{"name":"wp","href":"https:\/\/api.w.org\/{rel}","templated":true}]}}