{"id":1227,"date":"2025-09-15T05:50:06","date_gmt":"2025-09-15T05:50:06","guid":{"rendered":"https:\/\/hwhorizon.com\/?post_type=product&#038;p=1227"},"modified":"2025-09-15T05:51:40","modified_gmt":"2025-09-15T05:51:40","slug":"tech-bukser-k13-copy-copy-copy-copy-copy-copy","status":"publish","type":"product","link":"https:\/\/hwhorizon.com\/da\/shop\/tekniske-bukser\/tech-bukser-k13-copy-copy-copy-copy-copy-copy\/","title":{"rendered":"Tech bukser K19"},"content":{"rendered":"","protected":false},"excerpt":{"rendered":"<p>Vores Tech-bukser er udviklet til moderne ydeevne og kombinerer lette stoffer med str\u00e6kfunktionalitet. De er perfekte til udend\u00f8rs aktiviteter, urban streetwear og taktisk brug, og disse bukser tilbyder stil uden at g\u00e5 p\u00e5 kompromis med holdbarheden. <\/p>\n<p class=\"p1\">OEM  ODM-tjenester omfatter materialeopgraderinger, vandafvisende finish, specialdesignede lommer, camouflage eller ensfarvede designs, logotryk\/broderi og branded emballage.<\/p>\n<p class=\"p3\"><b>N\u00f8glefunktioner:<\/b><b><\/b><\/p>\n<ul>\n<li>\n<p class=\"p1\"><span class=\"s1\"><b>Materiale:<\/b><\/span> Stretch polyester\/nylon (kan tilpasses)<\/p>\n<\/li>\n<li>\n<p class=\"p1\"><span class=\"s1\"><b>St\u00f8rrelser:<\/b><\/span> XS \u2013 3XL (specialst\u00f8rrelser mulige)<\/p>\n<\/li>\n<li><span class=\"s1\"><b>Minimum ordrem\u00e6ngde:<\/b><\/span> 100 stk. pr. design (kan forhandles)<\/li>\n<li>\n<p class=\"p1\"><span class=\"s1\"><b>Leveringstid:<\/b><\/span> 7-10 dage for pr\u00f8ver, 25-30 dage for st\u00f8rre ordrer<\/p>\n<\/li>\n<li>\n<p class=\"p1\"><span class=\"s1\"><b>Service:<\/b><\/span> OEM\/ODM tilg\u00e6ngelig med fuld brandingsupport<\/p>\n<\/li>\n<\/ul>\n<p class=\"p1\">Certificeret under ISO og OEKO-TEX, garanterer vores produktion komfort, funktionalitet og international kvalitet.<\/p>\n","protected":false},"featured_media":1231,"template":"","meta":[],"product_brand":[],"product_cat":[91],"product_tag":[],"class_list":{"0":"post-1227","1":"product","2":"type-product","3":"status-publish","4":"has-post-thumbnail","6":"product_cat-tekniske-bukser","8":"first","9":"instock","10":"shipping-taxable","11":"product-type-simple"},"_links":{"self":[{"href":"https:\/\/hwhorizon.com\/da\/wp-json\/wp\/v2\/product\/1227","targetHints":{"allow":["GET"]}}],"collection":[{"href":"https:\/\/hwhorizon.com\/da\/wp-json\/wp\/v2\/product"}],"about":[{"href":"https:\/\/hwhorizon.com\/da\/wp-json\/wp\/v2\/types\/product"}],"wp:featuredmedia":[{"embeddable":true,"href":"https:\/\/hwhorizon.com\/da\/wp-json\/wp\/v2\/media\/1231"}],"wp:attachment":[{"href":"https:\/\/hwhorizon.com\/da\/wp-json\/wp\/v2\/media?parent=1227"}],"wp:term":[{"taxonomy":"product_brand","embeddable":true,"href":"https:\/\/hwhorizon.com\/da\/wp-json\/wp\/v2\/product_brand?post=1227"},{"taxonomy":"product_cat","embeddable":true,"href":"https:\/\/hwhorizon.com\/da\/wp-json\/wp\/v2\/product_cat?post=1227"},{"taxonomy":"product_tag","embeddable":true,"href":"https:\/\/hwhorizon.com\/da\/wp-json\/wp\/v2\/product_tag?post=1227"}],"curies":[{"name":"wp","href":"https:\/\/api.w.org\/{rel}","templated":true}]}}