{"id":1068,"date":"2025-09-15T02:44:45","date_gmt":"2025-09-15T02:44:45","guid":{"rendered":"https:\/\/hwhorizon.com\/?post_type=product&#038;p=1068"},"modified":"2025-09-15T02:50:50","modified_gmt":"2025-09-15T02:50:50","slug":"tech-bukser-k1-copy","status":"publish","type":"product","link":"https:\/\/hwhorizon.com\/da\/shop\/tekniske-bukser\/tech-bukser-k1-copy\/","title":{"rendered":"Tech. Bukser K3"},"content":{"rendered":"","protected":false},"excerpt":{"rendered":"<p class=\"p1\">Vores bl\u00e5 Tech-bukser er udviklet til moderne ydeevne og kombinerer lette stoffer med str\u00e6kfunktionalitet. Perfekt til udend\u00f8rs udforskning, urban streetwear og taktisk brug, tilbyder disse bukser stil uden at g\u00e5 p\u00e5 kompromis med holdbarhed. <\/p>\n<p class=\"p1\">OEM  ODM-tjenester omfatter materialeopgraderinger, vandafvisende finish, specialdesignede lommer, camouflage eller ensfarvede designs, logotryk\/broderi og branded emballage.<\/p>\n<p class=\"p3\"><b>N\u00f8glefunktioner:<\/b><b><\/b><\/p>\n<ul>\n<li>\n<p class=\"p1\"><span class=\"s1\"><b>Materiale:<\/b><\/span> Stretch polyester\/nylon (kan tilpasses)<\/p>\n<\/li>\n<li>\n<p class=\"p1\"><span class=\"s1\"><b>St\u00f8rrelser:<\/b><\/span> XS \u2013 3XL (specialst\u00f8rrelser mulige)<\/p>\n<\/li>\n<li>\n<p class=\"p1\"><span class=\"s1\"><b>Farve:<\/b><\/span> Bl\u00e5 (specialfarver tilg\u00e6ngelige)<\/p>\n<\/li>\n<li>\n<p class=\"p1\"><span class=\"s1\"><b>Minimum ordrem\u00e6ngde:<\/b><\/span> 100 stk. pr. design (kan forhandles)<\/p>\n<\/li>\n<li>\n<p class=\"p1\"><span class=\"s1\"><b>Leveringstid:<\/b><\/span> 7-10 dage for pr\u00f8ver, 25-30 dage for st\u00f8rre ordrer<\/p>\n<\/li>\n<li>\n<p class=\"p1\"><span class=\"s1\"><b>Service:<\/b><\/span> OEM\/ODM tilg\u00e6ngelig med fuld brandingsupport<\/p>\n<\/li>\n<\/ul>\n<p class=\"p1\">Certificeret under ISO og OEKO-TEX, garanterer vores produktion komfort, funktionalitet og international kvalitet.<\/p>\n","protected":false},"featured_media":1072,"template":"","meta":[],"product_brand":[],"product_cat":[91],"product_tag":[],"class_list":{"0":"post-1068","1":"product","2":"type-product","3":"status-publish","4":"has-post-thumbnail","6":"product_cat-tekniske-bukser","8":"first","9":"instock","10":"shipping-taxable","11":"product-type-simple"},"_links":{"self":[{"href":"https:\/\/hwhorizon.com\/da\/wp-json\/wp\/v2\/product\/1068","targetHints":{"allow":["GET"]}}],"collection":[{"href":"https:\/\/hwhorizon.com\/da\/wp-json\/wp\/v2\/product"}],"about":[{"href":"https:\/\/hwhorizon.com\/da\/wp-json\/wp\/v2\/types\/product"}],"wp:featuredmedia":[{"embeddable":true,"href":"https:\/\/hwhorizon.com\/da\/wp-json\/wp\/v2\/media\/1072"}],"wp:attachment":[{"href":"https:\/\/hwhorizon.com\/da\/wp-json\/wp\/v2\/media?parent=1068"}],"wp:term":[{"taxonomy":"product_brand","embeddable":true,"href":"https:\/\/hwhorizon.com\/da\/wp-json\/wp\/v2\/product_brand?post=1068"},{"taxonomy":"product_cat","embeddable":true,"href":"https:\/\/hwhorizon.com\/da\/wp-json\/wp\/v2\/product_cat?post=1068"},{"taxonomy":"product_tag","embeddable":true,"href":"https:\/\/hwhorizon.com\/da\/wp-json\/wp\/v2\/product_tag?post=1068"}],"curies":[{"name":"wp","href":"https:\/\/api.w.org\/{rel}","templated":true}]}}