{"id":1052,"date":"2025-09-15T02:39:23","date_gmt":"2025-09-15T02:39:23","guid":{"rendered":"https:\/\/hwhorizon.com\/?post_type=product&#038;p=1052"},"modified":"2025-09-15T02:41:24","modified_gmt":"2025-09-15T02:41:24","slug":"bornetoj-k4-copy","status":"publish","type":"product","link":"https:\/\/hwhorizon.com\/da\/shop\/bornetoj\/bornetoj-k4-copy\/","title":{"rendered":"B\u00f8rnet\u00f8j K5"},"content":{"rendered":"","protected":false},"excerpt":{"rendered":"<p class=\"p1\">Vores hvide og lyser\u00f8de b\u00f8rnet\u00f8jslinje er designet med fokus p\u00e5 bl\u00f8dhed, sikkerhed og komfort. Velegnet til dagligt brug, skoleuniformer og modekollektioner, er disse bekl\u00e6dningsgenstande fremstillet af hudvenlige stoffer, der sikrer \u00e5ndbarhed og holdbarhed. <\/p>\n<p class=\"p1\">OEM- og ODM-tilpasning omfatter b\u00f8rnesikre stoffer, print, broderi, st\u00f8rrelsestilpasninger, milj\u00f8venlige farvestoffer, m\u00e6rkning og emballage.<\/p>\n<p class=\"p3\"><b>N\u00f8glefunktioner:<\/b><b><\/b><\/p>\n<ul>\n<li>\n<p class=\"p1\"><span class=\"s1\"><b>Stof:<\/b><\/span> 100% bomuld \/ bomuldsblanding (kan tilpasses)<\/p>\n<\/li>\n<li>\n<p class=\"p1\"><span class=\"s1\"><b>St\u00f8rrelser:<\/b><\/span> 2-14 \u00e5r (specialst\u00f8rrelser mulige)<\/p>\n<\/li>\n<li>\n<p class=\"p1\"><span class=\"s1\"><b>Farve:<\/b><\/span> Hvid og lyser\u00f8d (specialfarver mulige)<\/p>\n<\/li>\n<li>\n<p class=\"p1\"><span class=\"s1\"><b>MOQ:<\/b><\/span> 200 stk. pr. design (kan forhandles)<\/p>\n<\/li>\n<li>\n<p class=\"p1\"><span class=\"s1\"><b>Leveringstid:<\/b><\/span> 7-10 dage for pr\u00f8ver, 25-30 dage for st\u00f8rre ordrer<\/p>\n<\/li>\n<li>\n<p class=\"p1\"><span class=\"s1\"><b>Service:<\/b><\/span> OEM\/ODM med private label- og emballagemuligheder<\/p>\n<\/li>\n<\/ul>\n<p class=\"p1\">Al produktion af b\u00f8rnet\u00f8j f\u00f8lger strenge sikkerhedsstandarder og internationale certificeringer, hvilket sikrer komfort og tryghed.<\/p>\n","protected":false},"featured_media":1056,"template":"","meta":[],"product_brand":[],"product_cat":[74],"product_tag":[],"class_list":{"0":"post-1052","1":"product","2":"type-product","3":"status-publish","4":"has-post-thumbnail","6":"product_cat-bornetoj","8":"first","9":"instock","10":"shipping-taxable","11":"product-type-simple"},"_links":{"self":[{"href":"https:\/\/hwhorizon.com\/da\/wp-json\/wp\/v2\/product\/1052","targetHints":{"allow":["GET"]}}],"collection":[{"href":"https:\/\/hwhorizon.com\/da\/wp-json\/wp\/v2\/product"}],"about":[{"href":"https:\/\/hwhorizon.com\/da\/wp-json\/wp\/v2\/types\/product"}],"wp:featuredmedia":[{"embeddable":true,"href":"https:\/\/hwhorizon.com\/da\/wp-json\/wp\/v2\/media\/1056"}],"wp:attachment":[{"href":"https:\/\/hwhorizon.com\/da\/wp-json\/wp\/v2\/media?parent=1052"}],"wp:term":[{"taxonomy":"product_brand","embeddable":true,"href":"https:\/\/hwhorizon.com\/da\/wp-json\/wp\/v2\/product_brand?post=1052"},{"taxonomy":"product_cat","embeddable":true,"href":"https:\/\/hwhorizon.com\/da\/wp-json\/wp\/v2\/product_cat?post=1052"},{"taxonomy":"product_tag","embeddable":true,"href":"https:\/\/hwhorizon.com\/da\/wp-json\/wp\/v2\/product_tag?post=1052"}],"curies":[{"name":"wp","href":"https:\/\/api.w.org\/{rel}","templated":true}]}}