{"id":1757,"date":"2025-09-16T01:22:12","date_gmt":"2025-09-16T01:22:12","guid":{"rendered":"https:\/\/hwhorizon.com\/faq\/"},"modified":"2025-10-14T08:23:25","modified_gmt":"2025-10-14T08:23:25","slug":"faq","status":"publish","type":"page","link":"https:\/\/hwhorizon.com\/da\/faq\/","title":{"rendered":"FAQ"},"content":{"rendered":"\t\t<div data-elementor-type=\"wp-page\" data-elementor-id=\"1757\" class=\"elementor elementor-1757 elementor-1753\" data-elementor-post-type=\"page\">\n\t\t\t\t<div class=\"elementor-element elementor-element-563621f e-flex e-con-boxed e-con e-parent\" data-id=\"563621f\" data-element_type=\"container\" data-e-type=\"container\">\n\t\t\t\t\t<div class=\"e-con-inner\">\n\t\t\t\t<div class=\"elementor-element elementor-element-bd4c87f elementor-widget elementor-widget-heading\" data-id=\"bd4c87f\" data-element_type=\"widget\" data-e-type=\"widget\" data-widget_type=\"heading.default\">\n\t\t\t\t\t<h1 class=\"elementor-heading-title elementor-size-default\">Din p\u00e5lidelige partner inden for camouflagebekl\u00e6dning\n<\/h1>\t\t\t\t<\/div>\n\t\t\t\t<div class=\"elementor-element elementor-element-e334841 elementor-widget elementor-widget-text-editor\" data-id=\"e334841\" data-element_type=\"widget\" data-e-type=\"widget\" data-widget_type=\"text-editor.default\">\n\t\t\t\t\t\t\t\t\t<p class=\"p1\">Vi leverer OEM  ODM camouflagebekl\u00e6dning med alt-i-\u00e9n-l\u00f8sninger. Verdenskendt for holdbare, funktionelle og stilfulde produkter. <\/p>\t\t\t\t\t\t\t\t<\/div>\n\t\t\t\t<div class=\"elementor-element elementor-element-f207955 elementor-widget elementor-widget-text-editor\" data-id=\"f207955\" data-element_type=\"widget\" data-e-type=\"widget\" data-widget_type=\"text-editor.default\">\n\t\t\t\t\t\t\t\t\t<p class=\"p1\"><b>Q: Hvilke typer camouflagebekl\u00e6dning producerer I?<\/b><b><\/b><\/p><p class=\"p1\">A: Vi producerer et bredt udvalg af produkter, herunder milit\u00e6runiformer, moderne camouflage streetwear og udend\u00f8rs taktisk udstyr.<b><\/b><\/p><p> <\/p><p class=\"p1\"><b>Q: Tilbyder I OEM- og ODM-tjenester?<\/b><b><\/b><\/p><p class=\"p1\">A: Ja, vi specialiserer os i b\u00e5de OEM og ODM og leverer alt-i-\u00e9n-l\u00f8sninger fra produktdesign til masseproduktion.<b><\/b><\/p><p> <\/p><p class=\"p1\"><b>Q: Kan I tilpasse stoffer og m\u00f8nstre efter kundens krav?<\/b><b><\/b><\/p><p class=\"p1\">A: Absolut. Vi tilbyder sourcing af stoffer og m\u00f8nsterudvikling for at im\u00f8dekomme specifikke kundebehov. <b><\/b><\/p><p class=\"p1\"> <\/p><p class=\"p1\"><b>Q: Hvordan sikrer I produktkvaliteten?<\/b><b><\/b><\/p><p class=\"p1\">A: Vi implementerer streng kvalitetskontrol gennem hele produktionsprocessen og sikrer, at vores bekl\u00e6dning opfylder internationale standarder.<\/p><p> <\/p><p class=\"p1\"><b>Q: Hvilke markeder betjener I prim\u00e6rt?<\/b><b><\/b><\/p><p class=\"p1\">A: Vi leverer til globale m\u00e6rker, forhandlere og grossister verden over, som v\u00e6rds\u00e6tter holdbar, funktionel og stilfuld camouflagebekl\u00e6dning.<\/p>\t\t\t\t\t\t\t\t<\/div>\n\t\t\t\t\t<\/div>\n\t\t\t\t<\/div>\n\t\t\t\t<\/div>\n\t\t","protected":false},"excerpt":{"rendered":"<p>Din p\u00e5lidelige partner inden for camouflagebekl\u00e6dning Vi leverer OEM ODM camouflagebekl\u00e6dning med alt-i-\u00e9n-l\u00f8sninger. Verdenskendt for holdbare, funktionelle og stilfulde produkter. Q: Hvilke typer camouflagebekl\u00e6dning producerer I? A: Vi producerer et bredt udvalg af produkter, herunder milit\u00e6runiformer, moderne camouflage streetwear og udend\u00f8rs taktisk udstyr. Q: Tilbyder I OEM- og ODM-tjenester? A: Ja, vi specialiserer os i [&hellip;]<\/p>\n","protected":false},"author":1,"featured_media":0,"parent":0,"menu_order":0,"comment_status":"closed","ping_status":"closed","template":"","meta":{"footnotes":""},"class_list":["post-1757","page","type-page","status-publish","hentry"],"_links":{"self":[{"href":"https:\/\/hwhorizon.com\/da\/wp-json\/wp\/v2\/pages\/1757","targetHints":{"allow":["GET"]}}],"collection":[{"href":"https:\/\/hwhorizon.com\/da\/wp-json\/wp\/v2\/pages"}],"about":[{"href":"https:\/\/hwhorizon.com\/da\/wp-json\/wp\/v2\/types\/page"}],"author":[{"embeddable":true,"href":"https:\/\/hwhorizon.com\/da\/wp-json\/wp\/v2\/users\/1"}],"replies":[{"embeddable":true,"href":"https:\/\/hwhorizon.com\/da\/wp-json\/wp\/v2\/comments?post=1757"}],"version-history":[{"count":3,"href":"https:\/\/hwhorizon.com\/da\/wp-json\/wp\/v2\/pages\/1757\/revisions"}],"predecessor-version":[{"id":1931,"href":"https:\/\/hwhorizon.com\/da\/wp-json\/wp\/v2\/pages\/1757\/revisions\/1931"}],"wp:attachment":[{"href":"https:\/\/hwhorizon.com\/da\/wp-json\/wp\/v2\/media?parent=1757"}],"curies":[{"name":"wp","href":"https:\/\/api.w.org\/{rel}","templated":true}]}}